{"id":1658,"date":"2023-02-20T18:24:32","date_gmt":"2023-02-20T18:24:32","guid":{"rendered":"https:\/\/alphasteamair3s.com\/?post_type=product&#038;p=1658"},"modified":"2023-02-20T18:24:34","modified_gmt":"2023-02-20T18:24:34","slug":"raccords-fitquik-en-polypropylene","status":"publish","type":"product","link":"https:\/\/alphasteamair3s.com\/index.php\/produit\/raccords-fitquik-en-polypropylene\/","title":{"rendered":"RACCORDS FITQUIK\u2122 EN POLYPROPYL\u00c8NE"},"content":{"rendered":"<p>Connecteurs de haute qualit\u00e9 con\u00e7us pour assurer un ajustement parfait m\u00eame dans les applications exigeantes.<\/p>\n<p>La qualit\u00e9 des moules de fabrication assure des figures et des fils d\u2019excellente qualit\u00e9.<\/p>\n<p>Ces accessoires fabriqu\u00e9s avec des moules de pr\u00e9cision sont con\u00e7us pour assurer l\u2019\u00e9limination des points de fuite dans les applications pour les dispositifs m\u00e9dicaux, les instruments d\u2019analyse et la conduction de l\u2019air.<\/p>\n<p>Pression de service max. : 6 bar.<\/p>\n<p>&nbsp;<\/p>\n<p>AUTRES MAT\u00c9RIAUX DISPONIBLES:<\/p>\n<ul>\n<li>Nylon haute r\u00e9sistance (couleur noire ou blanche).<\/li>\n<li>Polycarbonate (couleur lilas).<\/li>\n<li>PVDF.<\/li>\n<li>Versions de connexion Spike-spike, spike-thread et LUER, toutes dans des chiffres diff\u00e9rents.<\/li>\n<\/ul>\n<p>APPLICATIONS:<\/p>\n<ul>\n<li>Les laboratoires en g\u00e9n\u00e9ral.<\/li>\n<li>Instruments d\u2019analyse.<\/li>\n<li>Applications chimiques et pharmaceutiques.<\/li>\n<li>Mat\u00e9riel m\u00e9dical.<\/li>\n<\/ul>\n<p>&nbsp;<\/p>\n<h6>&#8211; Pointes en plastique &#8211; LUER CPC Plastique polypropyl\u00e8ne plus froid, nylon blanc, nylon noir, PVDF et polycarbonate pour les \u00e9quipements et dispositifs m\u00e9dicaux, le laboratoire, les instruments d\u2019analyse, les appareils de contr\u00f4le de la pression art\u00e9rielle, le contr\u00f4le de l\u2019air et les applications chimiques et pharmaceutiques &#8211;<\/h6>\n","protected":false},"excerpt":{"rendered":"<p>Connecteurs de haute qualit\u00e9 con\u00e7us pour assurer un ajustement parfait m\u00eame dans les applications exigeantes. La qualit\u00e9 des moules de fabrication assure des figures et des fils d\u2019excellente qualit\u00e9. Ces accessoires fabriqu\u00e9s avec des moules de pr\u00e9cision sont con\u00e7us pour assurer l\u2019\u00e9limination des points de fuite dans les applications pour les dispositifs m\u00e9dicaux, les instruments [&hellip;]<\/p>\n","protected":false},"featured_media":0,"template":"","meta":{"content-type":"","ocean_post_layout":"","ocean_both_sidebars_style":"","ocean_both_sidebars_content_width":0,"ocean_both_sidebars_sidebars_width":0,"ocean_sidebar":"0","ocean_second_sidebar":"0","ocean_disable_margins":"enable","ocean_add_body_class":"","ocean_shortcode_before_top_bar":"","ocean_shortcode_after_top_bar":"","ocean_shortcode_before_header":"","ocean_shortcode_after_header":"","ocean_has_shortcode":"","ocean_shortcode_after_title":"","ocean_shortcode_before_footer_widgets":"","ocean_shortcode_after_footer_widgets":"","ocean_shortcode_before_footer_bottom":"","ocean_shortcode_after_footer_bottom":"","ocean_display_top_bar":"default","ocean_display_header":"default","ocean_header_style":"","ocean_center_header_left_menu":"0","ocean_custom_header_template":"0","ocean_custom_logo":0,"ocean_custom_retina_logo":0,"ocean_custom_logo_max_width":0,"ocean_custom_logo_tablet_max_width":0,"ocean_custom_logo_mobile_max_width":0,"ocean_custom_logo_max_height":0,"ocean_custom_logo_tablet_max_height":0,"ocean_custom_logo_mobile_max_height":0,"ocean_header_custom_menu":"0","ocean_menu_typo_font_family":"0","ocean_menu_typo_font_subset":"","ocean_menu_typo_font_size":0,"ocean_menu_typo_font_size_tablet":0,"ocean_menu_typo_font_size_mobile":0,"ocean_menu_typo_font_size_unit":"px","ocean_menu_typo_font_weight":"","ocean_menu_typo_font_weight_tablet":"","ocean_menu_typo_font_weight_mobile":"","ocean_menu_typo_transform":"","ocean_menu_typo_transform_tablet":"","ocean_menu_typo_transform_mobile":"","ocean_menu_typo_line_height":0,"ocean_menu_typo_line_height_tablet":0,"ocean_menu_typo_line_height_mobile":0,"ocean_menu_typo_line_height_unit":"","ocean_menu_typo_spacing":0,"ocean_menu_typo_spacing_tablet":0,"ocean_menu_typo_spacing_mobile":0,"ocean_menu_typo_spacing_unit":"","ocean_menu_link_color":"","ocean_menu_link_color_hover":"","ocean_menu_link_color_active":"","ocean_menu_link_background":"","ocean_menu_link_hover_background":"","ocean_menu_link_active_background":"","ocean_menu_social_links_bg":"","ocean_menu_social_hover_links_bg":"","ocean_menu_social_links_color":"","ocean_menu_social_hover_links_color":"","ocean_disable_title":"default","ocean_disable_heading":"default","ocean_post_title":"","ocean_post_subheading":"","ocean_post_title_style":"","ocean_post_title_background_color":"","ocean_post_title_background":0,"ocean_post_title_bg_image_position":"","ocean_post_title_bg_image_attachment":"","ocean_post_title_bg_image_repeat":"","ocean_post_title_bg_image_size":"","ocean_post_title_height":0,"ocean_post_title_bg_overlay":0.5,"ocean_post_title_bg_overlay_color":"","ocean_disable_breadcrumbs":"default","ocean_breadcrumbs_color":"","ocean_breadcrumbs_separator_color":"","ocean_breadcrumbs_links_color":"","ocean_breadcrumbs_links_hover_color":"","ocean_display_footer_widgets":"default","ocean_display_footer_bottom":"default","ocean_custom_footer_template":"0"},"product_cat":[50],"product_tag":[],"class_list":{"0":"post-1658","1":"product","2":"type-product","3":"status-publish","5":"product_cat-adaptateurs-de-raccordement-de-tuyau-et-de-tube","7":"entry","9":"first","10":"instock","11":"shipping-taxable","12":"product-type-simple","13":"has-product-nav","14":"col","15":"span_1_of_3","16":"owp-content-center","17":"owp-thumbs-layout-horizontal","18":"owp-btn-normal","19":"owp-tabs-layout-horizontal","20":"has-no-thumbnails"},"_links":{"self":[{"href":"https:\/\/alphasteamair3s.com\/index.php\/wp-json\/wp\/v2\/product\/1658","targetHints":{"allow":["GET"]}}],"collection":[{"href":"https:\/\/alphasteamair3s.com\/index.php\/wp-json\/wp\/v2\/product"}],"about":[{"href":"https:\/\/alphasteamair3s.com\/index.php\/wp-json\/wp\/v2\/types\/product"}],"wp:attachment":[{"href":"https:\/\/alphasteamair3s.com\/index.php\/wp-json\/wp\/v2\/media?parent=1658"}],"wp:term":[{"taxonomy":"product_cat","embeddable":true,"href":"https:\/\/alphasteamair3s.com\/index.php\/wp-json\/wp\/v2\/product_cat?post=1658"},{"taxonomy":"product_tag","embeddable":true,"href":"https:\/\/alphasteamair3s.com\/index.php\/wp-json\/wp\/v2\/product_tag?post=1658"}],"curies":[{"name":"wp","href":"https:\/\/api.w.org\/{rel}","templated":true}]}}