{"id":1564,"date":"2023-02-20T18:24:05","date_gmt":"2023-02-20T18:24:05","guid":{"rendered":"https:\/\/alphasteamair3s.com\/?post_type=product&#038;p=1564"},"modified":"2023-02-20T18:24:17","modified_gmt":"2023-02-20T18:24:17","slug":"quick-plug-lc-series-chrome-laiton","status":"publish","type":"product","link":"https:\/\/alphasteamair3s.com\/index.php\/produit\/quick-plug-lc-series-chrome-laiton\/","title":{"rendered":"QUICK PLUG LC SERIES CHROME LAITON"},"content":{"rendered":"<p>CARACT\u00c9RISTIQUES:<\/p>\n<ul>\n<li>Mat\u00e9riel: laiton chrom\u00e9.<\/li>\n<li>Bouton-poussoir: acier inoxydable.<\/li>\n<li>Articulations: NBR.<\/li>\n<li>Pression de service maximale: 17,3 bar.<\/li>\n<li>Temp\u00e9rature de fonctionnement: -40\u00baC \u00e0 +82\u00baC.<\/li>\n<li><strong>Pas nominal: 1\/4 \u00bb<\/strong><\/li>\n<\/ul>\n<p>QUELQUES APPLICATIONS :<\/p>\n<ul>\n<li>Instrumentation.<\/li>\n<li>Alimentation en air comprim\u00e9.<\/li>\n<li>Lignes de refroidissement et temp\u00e9ratures \u00e9lev\u00e9es.<\/li>\n<\/ul>\n<p>&nbsp;<\/p>\n<h6><em>&#8211; Bouchons &#8211; connecteurs rapides en plastique CPC Ac\u00e9tal ou polypropyl\u00e8ne plus froid ou laiton nickel\u00e9 CPC Plus froid avec clapet anti-retour simple ou double ou passage libre pour les gaz et fluides de conduction, appareil m\u00e9dical et esth\u00e9tique (refroidissement laser), conduction d\u2019encre, applications alimentaires avec certificat NSF, produits chimiques d\u00e9sinfectants, d\u00e9tergents, imprimantes, liquides r\u00e9frig\u00e9rants, applications de connexion st\u00e9rilisables et s\u00fbres en g\u00e9n\u00e9ral &#8211;<\/em><\/h6>\n","protected":false},"excerpt":{"rendered":"<p>CARACT\u00c9RISTIQUES: Mat\u00e9riel: laiton chrom\u00e9. Bouton-poussoir: acier inoxydable. Articulations: NBR. Pression de service maximale: 17,3 bar. Temp\u00e9rature de fonctionnement: -40\u00baC \u00e0 +82\u00baC. Pas nominal: 1\/4 \u00bb QUELQUES APPLICATIONS : Instrumentation. Alimentation en air comprim\u00e9. Lignes de refroidissement et temp\u00e9ratures \u00e9lev\u00e9es. &nbsp; &#8211; Bouchons &#8211; connecteurs rapides en plastique CPC Ac\u00e9tal ou polypropyl\u00e8ne plus froid ou laiton [&hellip;]<\/p>\n","protected":false},"featured_media":1594,"template":"","meta":{"content-type":"","ocean_post_layout":"","ocean_both_sidebars_style":"","ocean_both_sidebars_content_width":0,"ocean_both_sidebars_sidebars_width":0,"ocean_sidebar":"0","ocean_second_sidebar":"0","ocean_disable_margins":"enable","ocean_add_body_class":"","ocean_shortcode_before_top_bar":"","ocean_shortcode_after_top_bar":"","ocean_shortcode_before_header":"","ocean_shortcode_after_header":"","ocean_has_shortcode":"","ocean_shortcode_after_title":"","ocean_shortcode_before_footer_widgets":"","ocean_shortcode_after_footer_widgets":"","ocean_shortcode_before_footer_bottom":"","ocean_shortcode_after_footer_bottom":"","ocean_display_top_bar":"default","ocean_display_header":"default","ocean_header_style":"","ocean_center_header_left_menu":"0","ocean_custom_header_template":"0","ocean_custom_logo":0,"ocean_custom_retina_logo":0,"ocean_custom_logo_max_width":0,"ocean_custom_logo_tablet_max_width":0,"ocean_custom_logo_mobile_max_width":0,"ocean_custom_logo_max_height":0,"ocean_custom_logo_tablet_max_height":0,"ocean_custom_logo_mobile_max_height":0,"ocean_header_custom_menu":"0","ocean_menu_typo_font_family":"0","ocean_menu_typo_font_subset":"","ocean_menu_typo_font_size":0,"ocean_menu_typo_font_size_tablet":0,"ocean_menu_typo_font_size_mobile":0,"ocean_menu_typo_font_size_unit":"px","ocean_menu_typo_font_weight":"","ocean_menu_typo_font_weight_tablet":"","ocean_menu_typo_font_weight_mobile":"","ocean_menu_typo_transform":"","ocean_menu_typo_transform_tablet":"","ocean_menu_typo_transform_mobile":"","ocean_menu_typo_line_height":0,"ocean_menu_typo_line_height_tablet":0,"ocean_menu_typo_line_height_mobile":0,"ocean_menu_typo_line_height_unit":"","ocean_menu_typo_spacing":0,"ocean_menu_typo_spacing_tablet":0,"ocean_menu_typo_spacing_mobile":0,"ocean_menu_typo_spacing_unit":"","ocean_menu_link_color":"","ocean_menu_link_color_hover":"","ocean_menu_link_color_active":"","ocean_menu_link_background":"","ocean_menu_link_hover_background":"","ocean_menu_link_active_background":"","ocean_menu_social_links_bg":"","ocean_menu_social_hover_links_bg":"","ocean_menu_social_links_color":"","ocean_menu_social_hover_links_color":"","ocean_disable_title":"default","ocean_disable_heading":"default","ocean_post_title":"","ocean_post_subheading":"","ocean_post_title_style":"","ocean_post_title_background_color":"","ocean_post_title_background":0,"ocean_post_title_bg_image_position":"","ocean_post_title_bg_image_attachment":"","ocean_post_title_bg_image_repeat":"","ocean_post_title_bg_image_size":"","ocean_post_title_height":0,"ocean_post_title_bg_overlay":0.5,"ocean_post_title_bg_overlay_color":"","ocean_disable_breadcrumbs":"default","ocean_breadcrumbs_color":"","ocean_breadcrumbs_separator_color":"","ocean_breadcrumbs_links_color":"","ocean_breadcrumbs_links_hover_color":"","ocean_display_footer_widgets":"default","ocean_display_footer_bottom":"default","ocean_custom_footer_template":"0"},"product_cat":[48],"product_tag":[],"class_list":{"0":"post-1564","1":"product","2":"type-product","3":"status-publish","4":"has-post-thumbnail","6":"product_cat-attaches-rapides","8":"entry","9":"has-media","11":"first","12":"instock","13":"shipping-taxable","14":"product-type-simple","15":"has-product-nav","16":"col","17":"span_1_of_3","18":"owp-content-center","19":"owp-thumbs-layout-horizontal","20":"owp-btn-normal","21":"owp-tabs-layout-horizontal","22":"has-no-thumbnails"},"_links":{"self":[{"href":"https:\/\/alphasteamair3s.com\/index.php\/wp-json\/wp\/v2\/product\/1564","targetHints":{"allow":["GET"]}}],"collection":[{"href":"https:\/\/alphasteamair3s.com\/index.php\/wp-json\/wp\/v2\/product"}],"about":[{"href":"https:\/\/alphasteamair3s.com\/index.php\/wp-json\/wp\/v2\/types\/product"}],"wp:featuredmedia":[{"embeddable":true,"href":"https:\/\/alphasteamair3s.com\/index.php\/wp-json\/wp\/v2\/media\/1594"}],"wp:attachment":[{"href":"https:\/\/alphasteamair3s.com\/index.php\/wp-json\/wp\/v2\/media?parent=1564"}],"wp:term":[{"taxonomy":"product_cat","embeddable":true,"href":"https:\/\/alphasteamair3s.com\/index.php\/wp-json\/wp\/v2\/product_cat?post=1564"},{"taxonomy":"product_tag","embeddable":true,"href":"https:\/\/alphasteamair3s.com\/index.php\/wp-json\/wp\/v2\/product_tag?post=1564"}],"curies":[{"name":"wp","href":"https:\/\/api.w.org\/{rel}","templated":true}]}}