{"id":1559,"date":"2023-02-20T18:24:05","date_gmt":"2023-02-20T18:24:05","guid":{"rendered":"https:\/\/alphasteamair3s.com\/?post_type=product&#038;p=1559"},"modified":"2023-02-20T18:24:15","modified_gmt":"2023-02-20T18:24:15","slug":"moules-de-bouchon-de-refroidissement-dn13-laiton","status":"publish","type":"product","link":"https:\/\/alphasteamair3s.com\/index.php\/produit\/moules-de-bouchon-de-refroidissement-dn13-laiton\/","title":{"rendered":"MOULES DE BOUCHON DE REFROIDISSEMENT DN13 LAITON"},"content":{"rendered":"<p>CARACT\u00c9RISTIQUES:<\/p>\n<ul>\n<li>Corps: laiton MS 58 (2.0401).<\/li>\n<li>Vanne, ressort et billes: acier inoxydable 1.4310 (ASTM 301).<\/li>\n<li>Articulations: FKM.<\/li>\n<li>Temp\u00e9rature de service: 20\u00baC \u00e0 +200\u00baC.<\/li>\n<li>Pression de service: 15 bar.<\/li>\n<li>Fluides: Air \/ Eau \/ Huile \/ Vide.<\/li>\n<\/ul>\n<p>APPLICATION PRINCIPALE:<\/p>\n<ul>\n<li>Contr\u00f4le de la temp\u00e9rature avec de l\u2019eau chaude ou froide.<\/li>\n<li>Moules d\u2019injection \u00e0 r\u00e9gulation thermique.<\/li>\n<li>Industrie du plastique, aluminium, ZAMAK.<\/li>\n<\/ul>\n<p>PRODUIT:<\/p>\n<ul>\n<li>Vanne d\u2019arr\u00eat en option dans la fiche et l\u2019adaptateur.<\/li>\n<li>Conception robuste, s\u00fbre et compacte.<\/li>\n<li>Interchangeable avec Hasco Z 8.<\/li>\n<\/ul>\n<h6><\/h6>\n<h6><em>-Fiches &#8211; connecteurs \u00e0 refroidissement rapide EATON ou LUDECKE (L\u00dcDECKE) profil europ\u00e9en ou profil international. Joint FKM en laiton et viton\u00ae. Contr\u00f4le de la temp\u00e9rature avec de l\u2019eau chaude ou froide. Moules d\u2019injection \u00e0 r\u00e9gulation thermique. Industrie du plastique, aluminium, ZAMAK &#8211;<\/em><\/h6>\n","protected":false},"excerpt":{"rendered":"<p>CARACT\u00c9RISTIQUES: Corps: laiton MS 58 (2.0401). Vanne, ressort et billes: acier inoxydable 1.4310 (ASTM 301). Articulations: FKM. Temp\u00e9rature de service: 20\u00baC \u00e0 +200\u00baC. Pression de service: 15 bar. Fluides: Air \/ Eau \/ Huile \/ Vide. APPLICATION PRINCIPALE: Contr\u00f4le de la temp\u00e9rature avec de l\u2019eau chaude ou froide. Moules d\u2019injection \u00e0 r\u00e9gulation thermique. Industrie du [&hellip;]<\/p>\n","protected":false},"featured_media":1589,"template":"","meta":{"content-type":"","ocean_post_layout":"","ocean_both_sidebars_style":"","ocean_both_sidebars_content_width":0,"ocean_both_sidebars_sidebars_width":0,"ocean_sidebar":"0","ocean_second_sidebar":"0","ocean_disable_margins":"enable","ocean_add_body_class":"","ocean_shortcode_before_top_bar":"","ocean_shortcode_after_top_bar":"","ocean_shortcode_before_header":"","ocean_shortcode_after_header":"","ocean_has_shortcode":"","ocean_shortcode_after_title":"","ocean_shortcode_before_footer_widgets":"","ocean_shortcode_after_footer_widgets":"","ocean_shortcode_before_footer_bottom":"","ocean_shortcode_after_footer_bottom":"","ocean_display_top_bar":"default","ocean_display_header":"default","ocean_header_style":"","ocean_center_header_left_menu":"0","ocean_custom_header_template":"0","ocean_custom_logo":0,"ocean_custom_retina_logo":0,"ocean_custom_logo_max_width":0,"ocean_custom_logo_tablet_max_width":0,"ocean_custom_logo_mobile_max_width":0,"ocean_custom_logo_max_height":0,"ocean_custom_logo_tablet_max_height":0,"ocean_custom_logo_mobile_max_height":0,"ocean_header_custom_menu":"0","ocean_menu_typo_font_family":"0","ocean_menu_typo_font_subset":"","ocean_menu_typo_font_size":0,"ocean_menu_typo_font_size_tablet":0,"ocean_menu_typo_font_size_mobile":0,"ocean_menu_typo_font_size_unit":"px","ocean_menu_typo_font_weight":"","ocean_menu_typo_font_weight_tablet":"","ocean_menu_typo_font_weight_mobile":"","ocean_menu_typo_transform":"","ocean_menu_typo_transform_tablet":"","ocean_menu_typo_transform_mobile":"","ocean_menu_typo_line_height":0,"ocean_menu_typo_line_height_tablet":0,"ocean_menu_typo_line_height_mobile":0,"ocean_menu_typo_line_height_unit":"","ocean_menu_typo_spacing":0,"ocean_menu_typo_spacing_tablet":0,"ocean_menu_typo_spacing_mobile":0,"ocean_menu_typo_spacing_unit":"","ocean_menu_link_color":"","ocean_menu_link_color_hover":"","ocean_menu_link_color_active":"","ocean_menu_link_background":"","ocean_menu_link_hover_background":"","ocean_menu_link_active_background":"","ocean_menu_social_links_bg":"","ocean_menu_social_hover_links_bg":"","ocean_menu_social_links_color":"","ocean_menu_social_hover_links_color":"","ocean_disable_title":"default","ocean_disable_heading":"default","ocean_post_title":"","ocean_post_subheading":"","ocean_post_title_style":"","ocean_post_title_background_color":"","ocean_post_title_background":0,"ocean_post_title_bg_image_position":"","ocean_post_title_bg_image_attachment":"","ocean_post_title_bg_image_repeat":"","ocean_post_title_bg_image_size":"","ocean_post_title_height":0,"ocean_post_title_bg_overlay":0.5,"ocean_post_title_bg_overlay_color":"","ocean_disable_breadcrumbs":"default","ocean_breadcrumbs_color":"","ocean_breadcrumbs_separator_color":"","ocean_breadcrumbs_links_color":"","ocean_breadcrumbs_links_hover_color":"","ocean_display_footer_widgets":"default","ocean_display_footer_bottom":"default","ocean_custom_footer_template":"0"},"product_cat":[48],"product_tag":[],"class_list":{"0":"post-1559","1":"product","2":"type-product","3":"status-publish","4":"has-post-thumbnail","6":"product_cat-attaches-rapides","8":"entry","9":"has-media","11":"first","12":"instock","13":"shipping-taxable","14":"product-type-simple","15":"has-product-nav","16":"col","17":"span_1_of_3","18":"owp-content-center","19":"owp-thumbs-layout-horizontal","20":"owp-btn-normal","21":"owp-tabs-layout-horizontal","22":"has-no-thumbnails"},"_links":{"self":[{"href":"https:\/\/alphasteamair3s.com\/index.php\/wp-json\/wp\/v2\/product\/1559","targetHints":{"allow":["GET"]}}],"collection":[{"href":"https:\/\/alphasteamair3s.com\/index.php\/wp-json\/wp\/v2\/product"}],"about":[{"href":"https:\/\/alphasteamair3s.com\/index.php\/wp-json\/wp\/v2\/types\/product"}],"wp:featuredmedia":[{"embeddable":true,"href":"https:\/\/alphasteamair3s.com\/index.php\/wp-json\/wp\/v2\/media\/1589"}],"wp:attachment":[{"href":"https:\/\/alphasteamair3s.com\/index.php\/wp-json\/wp\/v2\/media?parent=1559"}],"wp:term":[{"taxonomy":"product_cat","embeddable":true,"href":"https:\/\/alphasteamair3s.com\/index.php\/wp-json\/wp\/v2\/product_cat?post=1559"},{"taxonomy":"product_tag","embeddable":true,"href":"https:\/\/alphasteamair3s.com\/index.php\/wp-json\/wp\/v2\/product_tag?post=1559"}],"curies":[{"name":"wp","href":"https:\/\/api.w.org\/{rel}","templated":true}]}}