{"id":1546,"date":"2023-02-20T18:24:04","date_gmt":"2023-02-20T18:24:04","guid":{"rendered":"https:\/\/alphasteamair3s.com\/?post_type=product&#038;p=1546"},"modified":"2023-02-20T18:24:10","modified_gmt":"2023-02-20T18:24:10","slug":"quick-plug-hydraulique-acier-hk-serie","status":"publish","type":"product","link":"https:\/\/alphasteamair3s.com\/index.php\/produit\/quick-plug-hydraulique-acier-hk-serie\/","title":{"rendered":"QUICK PLUG HYDRAULIQUE ACIER HK S\u00c9RIE"},"content":{"rendered":"<p>CARACT\u00c9RISTIQUES:<\/p>\n<ul>\n<li>Corps: acier zingu\u00e9.<\/li>\n<li>Ressort, vanne et billes: acier inoxydable.<\/li>\n<li>Joints: norme NBR (vit\u00f3n FKM, EPDM, PTFE, Kalrez et n\u00e9opr\u00e8ne en option).<\/li>\n<li>Temp\u00e9rature de fonctionnement: NBR -40\u00baC \u00e0 +121\u00baC. FKM -29\u00baC \u00e0 +204\u00baC. EPDM -20\u00baC \u00e0 +200\u00baC.<\/li>\n<li>Filetages: BSP cylindrique (NPT en option).<\/li>\n<\/ul>\n<p>NORMES:<\/p>\n<ul>\n<li>Profil de connexion ISO 7241-1-B (interchangeable).<\/li>\n<li>2014\/68\/UE \u00ab\u00a0PED\u00a0\u00bb.<\/li>\n<\/ul>\n<p>APPLICATIONS:<\/p>\n<ul>\n<li>Mat\u00e9riel agricole et hydraulique.<\/li>\n<li>Construction.<\/li>\n<li>P\u00e9trole et gaz.<\/li>\n<li>Industrie ferroviaire.<\/li>\n<li>A\u00e9ronautique et militaire.<\/li>\n<li>Industrie chimique, alimentaire et de consommation.<\/li>\n<li>Camions.<\/li>\n<\/ul>\n<p>PRODUIT:<\/p>\n<ul>\n<li>Excellentes performances dans les applications hydrauliques.<\/li>\n<li>Grande durabilit\u00e9 dans les cycles de connexion \/ d\u00e9connexion.<\/li>\n<li>Syst\u00e8me de s\u00e9curit\u00e9 \u00e0 bouton-poussoir en option pour \u00e9viter les d\u00e9connexions involontaires.<\/li>\n<li>Fiches en option pour fiche et adaptateur en m\u00e9tal ou en vinyle.<\/li>\n<\/ul>\n<h6>&#8211; Fiches &#8211; connecteurs rapides Inox, acier, laiton Profil de connexion ISO 7241-1-B (ISO7241 B). Industrie automobile, acier, fluides corrosifs, huile hydraulique, r\u00e9frig\u00e9ration, a\u00e9ronautique et industrie en g\u00e9n\u00e9ral. Mat\u00e9riel agricole et hydraulique. Construction. P\u00e9trole et gaz. Industrie ferroviaire. V\u00e9hicules et appareils a\u00e9ronautiques et militaires. Industrie chimique, alimentaire et de consommation. Camions et v\u00e9hicules agricoles, engins de terrassement, excavatrices, tracteurs, bras oscillants, ascenseurs hydrauliques, \u00e9quipement de pulv\u00e9risation agricole, produits p\u00e9troliers, laboratoires, pompes d\u2019essai hydrauliques et outils d\u2019impact hydrauliques &#8211;<\/h6>\n","protected":false},"excerpt":{"rendered":"<p>CARACT\u00c9RISTIQUES: Corps: acier zingu\u00e9. Ressort, vanne et billes: acier inoxydable. Joints: norme NBR (vit\u00f3n FKM, EPDM, PTFE, Kalrez et n\u00e9opr\u00e8ne en option). Temp\u00e9rature de fonctionnement: NBR -40\u00baC \u00e0 +121\u00baC. FKM -29\u00baC \u00e0 +204\u00baC. EPDM -20\u00baC \u00e0 +200\u00baC. Filetages: BSP cylindrique (NPT en option). NORMES: Profil de connexion ISO 7241-1-B (interchangeable). 2014\/68\/UE \u00ab\u00a0PED\u00a0\u00bb. APPLICATIONS: Mat\u00e9riel agricole [&hellip;]<\/p>\n","protected":false},"featured_media":1576,"template":"","meta":{"content-type":"","ocean_post_layout":"","ocean_both_sidebars_style":"","ocean_both_sidebars_content_width":0,"ocean_both_sidebars_sidebars_width":0,"ocean_sidebar":"0","ocean_second_sidebar":"0","ocean_disable_margins":"enable","ocean_add_body_class":"","ocean_shortcode_before_top_bar":"","ocean_shortcode_after_top_bar":"","ocean_shortcode_before_header":"","ocean_shortcode_after_header":"","ocean_has_shortcode":"","ocean_shortcode_after_title":"","ocean_shortcode_before_footer_widgets":"","ocean_shortcode_after_footer_widgets":"","ocean_shortcode_before_footer_bottom":"","ocean_shortcode_after_footer_bottom":"","ocean_display_top_bar":"default","ocean_display_header":"default","ocean_header_style":"","ocean_center_header_left_menu":"0","ocean_custom_header_template":"0","ocean_custom_logo":0,"ocean_custom_retina_logo":0,"ocean_custom_logo_max_width":0,"ocean_custom_logo_tablet_max_width":0,"ocean_custom_logo_mobile_max_width":0,"ocean_custom_logo_max_height":0,"ocean_custom_logo_tablet_max_height":0,"ocean_custom_logo_mobile_max_height":0,"ocean_header_custom_menu":"0","ocean_menu_typo_font_family":"0","ocean_menu_typo_font_subset":"","ocean_menu_typo_font_size":0,"ocean_menu_typo_font_size_tablet":0,"ocean_menu_typo_font_size_mobile":0,"ocean_menu_typo_font_size_unit":"px","ocean_menu_typo_font_weight":"","ocean_menu_typo_font_weight_tablet":"","ocean_menu_typo_font_weight_mobile":"","ocean_menu_typo_transform":"","ocean_menu_typo_transform_tablet":"","ocean_menu_typo_transform_mobile":"","ocean_menu_typo_line_height":0,"ocean_menu_typo_line_height_tablet":0,"ocean_menu_typo_line_height_mobile":0,"ocean_menu_typo_line_height_unit":"","ocean_menu_typo_spacing":0,"ocean_menu_typo_spacing_tablet":0,"ocean_menu_typo_spacing_mobile":0,"ocean_menu_typo_spacing_unit":"","ocean_menu_link_color":"","ocean_menu_link_color_hover":"","ocean_menu_link_color_active":"","ocean_menu_link_background":"","ocean_menu_link_hover_background":"","ocean_menu_link_active_background":"","ocean_menu_social_links_bg":"","ocean_menu_social_hover_links_bg":"","ocean_menu_social_links_color":"","ocean_menu_social_hover_links_color":"","ocean_disable_title":"default","ocean_disable_heading":"default","ocean_post_title":"","ocean_post_subheading":"","ocean_post_title_style":"","ocean_post_title_background_color":"","ocean_post_title_background":0,"ocean_post_title_bg_image_position":"","ocean_post_title_bg_image_attachment":"","ocean_post_title_bg_image_repeat":"","ocean_post_title_bg_image_size":"","ocean_post_title_height":0,"ocean_post_title_bg_overlay":0.5,"ocean_post_title_bg_overlay_color":"","ocean_disable_breadcrumbs":"default","ocean_breadcrumbs_color":"","ocean_breadcrumbs_separator_color":"","ocean_breadcrumbs_links_color":"","ocean_breadcrumbs_links_hover_color":"","ocean_display_footer_widgets":"default","ocean_display_footer_bottom":"default","ocean_custom_footer_template":"0"},"product_cat":[48],"product_tag":[],"class_list":{"0":"post-1546","1":"product","2":"type-product","3":"status-publish","4":"has-post-thumbnail","6":"product_cat-attaches-rapides","8":"entry","9":"has-media","11":"first","12":"instock","13":"shipping-taxable","14":"product-type-simple","15":"has-product-nav","16":"col","17":"span_1_of_3","18":"owp-content-center","19":"owp-thumbs-layout-horizontal","20":"owp-btn-normal","21":"owp-tabs-layout-horizontal","22":"has-no-thumbnails"},"_links":{"self":[{"href":"https:\/\/alphasteamair3s.com\/index.php\/wp-json\/wp\/v2\/product\/1546","targetHints":{"allow":["GET"]}}],"collection":[{"href":"https:\/\/alphasteamair3s.com\/index.php\/wp-json\/wp\/v2\/product"}],"about":[{"href":"https:\/\/alphasteamair3s.com\/index.php\/wp-json\/wp\/v2\/types\/product"}],"wp:featuredmedia":[{"embeddable":true,"href":"https:\/\/alphasteamair3s.com\/index.php\/wp-json\/wp\/v2\/media\/1576"}],"wp:attachment":[{"href":"https:\/\/alphasteamair3s.com\/index.php\/wp-json\/wp\/v2\/media?parent=1546"}],"wp:term":[{"taxonomy":"product_cat","embeddable":true,"href":"https:\/\/alphasteamair3s.com\/index.php\/wp-json\/wp\/v2\/product_cat?post=1546"},{"taxonomy":"product_tag","embeddable":true,"href":"https:\/\/alphasteamair3s.com\/index.php\/wp-json\/wp\/v2\/product_tag?post=1546"}],"curies":[{"name":"wp","href":"https:\/\/api.w.org\/{rel}","templated":true}]}}