{"id":1545,"date":"2023-02-20T18:24:04","date_gmt":"2023-02-20T18:24:04","guid":{"rendered":"https:\/\/alphasteamair3s.com\/?post_type=product&#038;p=1545"},"modified":"2023-02-20T18:24:10","modified_gmt":"2023-02-20T18:24:10","slug":"hydraulique-en-acier-inoxydable-quick-plug-hk-series","status":"publish","type":"product","link":"https:\/\/alphasteamair3s.com\/index.php\/produit\/hydraulique-en-acier-inoxydable-quick-plug-hk-series\/","title":{"rendered":"HYDRAULIQUE EN ACIER INOXYDABLE QUICK PLUG HK SERIES"},"content":{"rendered":"<p>CARACT\u00c9RISTIQUES:<\/p>\n<ul>\n<li>Corps: acier inoxydable AISI 303 (possibilit\u00e9 AISI 316).<\/li>\n<li>Vanne : acier inoxydable AISI 303.<\/li>\n<li>Ressort et boules: acier inoxydable.<\/li>\n<li>Joints: NBR (possibilit\u00e9 en VIT\u00d3N, EPDM, TEFL\u00d3N, KALREZ, N\u00c9OPR\u00c8NE).<\/li>\n<li>Temp\u00e9rature de fonctionnement: -20\u00baC \u00e0 +100\u00baC (avec joint NBR).<\/li>\n<li>Grand d\u00e9bit.<\/li>\n<\/ul>\n<p>APPLICATION PRINCIPALE:<\/p>\n<ul>\n<li>Automobile, chimie, alimentation, produits p\u00e9troliers, r\u00e9frig\u00e9ration, laboratoires et a\u00e9ronautique.<\/li>\n<\/ul>\n<p>NORMES:<\/p>\n<ul>\n<li>ISO7241-1-B (interchangeable).<\/li>\n<li>2014\/68\/UE \u00ab\u00a0PED\u00a0\u00bb.<\/li>\n<\/ul>\n<p>&nbsp;<\/p>\n<h6>&#8211; Fiches &#8211; connecteurs rapides Inox, acier, laiton Profil de connexion ISO 7241-1-B (ISO7241 B). Industrie automobile, acier, fluides corrosifs, huile hydraulique, r\u00e9frig\u00e9ration, a\u00e9ronautique et industrie en g\u00e9n\u00e9ral. Mat\u00e9riel agricole et hydraulique. Construction. P\u00e9trole et gaz. Industrie ferroviaire. V\u00e9hicules et appareils a\u00e9ronautiques et militaires. Industrie chimique, alimentaire et de consommation. Camions et v\u00e9hicules agricoles, engins de terrassement, excavatrices, tracteurs, bras oscillants, ascenseurs hydrauliques, \u00e9quipement de pulv\u00e9risation agricole, produits p\u00e9troliers, laboratoires, pompes d\u2019essai hydrauliques et outils d\u2019impact hydrauliques &#8211;<\/h6>\n","protected":false},"excerpt":{"rendered":"<p>CARACT\u00c9RISTIQUES: Corps: acier inoxydable AISI 303 (possibilit\u00e9 AISI 316). Vanne : acier inoxydable AISI 303. Ressort et boules: acier inoxydable. Joints: NBR (possibilit\u00e9 en VIT\u00d3N, EPDM, TEFL\u00d3N, KALREZ, N\u00c9OPR\u00c8NE). Temp\u00e9rature de fonctionnement: -20\u00baC \u00e0 +100\u00baC (avec joint NBR). Grand d\u00e9bit. APPLICATION PRINCIPALE: Automobile, chimie, alimentation, produits p\u00e9troliers, r\u00e9frig\u00e9ration, laboratoires et a\u00e9ronautique. NORMES: ISO7241-1-B (interchangeable). 2014\/68\/UE [&hellip;]<\/p>\n","protected":false},"featured_media":1575,"template":"","meta":{"content-type":"","ocean_post_layout":"","ocean_both_sidebars_style":"","ocean_both_sidebars_content_width":0,"ocean_both_sidebars_sidebars_width":0,"ocean_sidebar":"0","ocean_second_sidebar":"0","ocean_disable_margins":"enable","ocean_add_body_class":"","ocean_shortcode_before_top_bar":"","ocean_shortcode_after_top_bar":"","ocean_shortcode_before_header":"","ocean_shortcode_after_header":"","ocean_has_shortcode":"","ocean_shortcode_after_title":"","ocean_shortcode_before_footer_widgets":"","ocean_shortcode_after_footer_widgets":"","ocean_shortcode_before_footer_bottom":"","ocean_shortcode_after_footer_bottom":"","ocean_display_top_bar":"default","ocean_display_header":"default","ocean_header_style":"","ocean_center_header_left_menu":"0","ocean_custom_header_template":"0","ocean_custom_logo":0,"ocean_custom_retina_logo":0,"ocean_custom_logo_max_width":0,"ocean_custom_logo_tablet_max_width":0,"ocean_custom_logo_mobile_max_width":0,"ocean_custom_logo_max_height":0,"ocean_custom_logo_tablet_max_height":0,"ocean_custom_logo_mobile_max_height":0,"ocean_header_custom_menu":"0","ocean_menu_typo_font_family":"0","ocean_menu_typo_font_subset":"","ocean_menu_typo_font_size":0,"ocean_menu_typo_font_size_tablet":0,"ocean_menu_typo_font_size_mobile":0,"ocean_menu_typo_font_size_unit":"px","ocean_menu_typo_font_weight":"","ocean_menu_typo_font_weight_tablet":"","ocean_menu_typo_font_weight_mobile":"","ocean_menu_typo_transform":"","ocean_menu_typo_transform_tablet":"","ocean_menu_typo_transform_mobile":"","ocean_menu_typo_line_height":0,"ocean_menu_typo_line_height_tablet":0,"ocean_menu_typo_line_height_mobile":0,"ocean_menu_typo_line_height_unit":"","ocean_menu_typo_spacing":0,"ocean_menu_typo_spacing_tablet":0,"ocean_menu_typo_spacing_mobile":0,"ocean_menu_typo_spacing_unit":"","ocean_menu_link_color":"","ocean_menu_link_color_hover":"","ocean_menu_link_color_active":"","ocean_menu_link_background":"","ocean_menu_link_hover_background":"","ocean_menu_link_active_background":"","ocean_menu_social_links_bg":"","ocean_menu_social_hover_links_bg":"","ocean_menu_social_links_color":"","ocean_menu_social_hover_links_color":"","ocean_disable_title":"default","ocean_disable_heading":"default","ocean_post_title":"","ocean_post_subheading":"","ocean_post_title_style":"","ocean_post_title_background_color":"","ocean_post_title_background":0,"ocean_post_title_bg_image_position":"","ocean_post_title_bg_image_attachment":"","ocean_post_title_bg_image_repeat":"","ocean_post_title_bg_image_size":"","ocean_post_title_height":0,"ocean_post_title_bg_overlay":0.5,"ocean_post_title_bg_overlay_color":"","ocean_disable_breadcrumbs":"default","ocean_breadcrumbs_color":"","ocean_breadcrumbs_separator_color":"","ocean_breadcrumbs_links_color":"","ocean_breadcrumbs_links_hover_color":"","ocean_display_footer_widgets":"default","ocean_display_footer_bottom":"default","ocean_custom_footer_template":"0"},"product_cat":[48],"product_tag":[],"class_list":{"0":"post-1545","1":"product","2":"type-product","3":"status-publish","4":"has-post-thumbnail","6":"product_cat-attaches-rapides","8":"entry","9":"has-media","11":"first","12":"instock","13":"shipping-taxable","14":"product-type-simple","15":"has-product-nav","16":"col","17":"span_1_of_3","18":"owp-content-center","19":"owp-thumbs-layout-horizontal","20":"owp-btn-normal","21":"owp-tabs-layout-horizontal","22":"has-no-thumbnails"},"_links":{"self":[{"href":"https:\/\/alphasteamair3s.com\/index.php\/wp-json\/wp\/v2\/product\/1545","targetHints":{"allow":["GET"]}}],"collection":[{"href":"https:\/\/alphasteamair3s.com\/index.php\/wp-json\/wp\/v2\/product"}],"about":[{"href":"https:\/\/alphasteamair3s.com\/index.php\/wp-json\/wp\/v2\/types\/product"}],"wp:featuredmedia":[{"embeddable":true,"href":"https:\/\/alphasteamair3s.com\/index.php\/wp-json\/wp\/v2\/media\/1575"}],"wp:attachment":[{"href":"https:\/\/alphasteamair3s.com\/index.php\/wp-json\/wp\/v2\/media?parent=1545"}],"wp:term":[{"taxonomy":"product_cat","embeddable":true,"href":"https:\/\/alphasteamair3s.com\/index.php\/wp-json\/wp\/v2\/product_cat?post=1545"},{"taxonomy":"product_tag","embeddable":true,"href":"https:\/\/alphasteamair3s.com\/index.php\/wp-json\/wp\/v2\/product_tag?post=1545"}],"curies":[{"name":"wp","href":"https:\/\/api.w.org\/{rel}","templated":true}]}}