{"id":1438,"date":"2023-02-20T18:23:34","date_gmt":"2023-02-20T18:23:34","guid":{"rendered":"https:\/\/alphasteamair3s.com\/?post_type=product&#038;p=1438"},"modified":"2023-02-20T18:23:40","modified_gmt":"2023-02-20T18:23:40","slug":"tuyau-alimentaire-compotec","status":"publish","type":"product","link":"https:\/\/alphasteamair3s.com\/index.php\/produit\/tuyau-alimentaire-compotec\/","title":{"rendered":"TUYAU ALIMENTAIRE COMPOTEC\u00ae"},"content":{"rendered":"<p>CARACT\u00c9RISTIQUES:<\/p>\n<p>COMPOTEC\u00ae FOOD 500 est un tuyau thermoplastique multicouche en poly\u00e9thyl\u00e8ne de haut poids mol\u00e9culaire (UHMW PLT) renforc\u00e9 interne et externe en acier inoxydable 316 L. Couvercle ext\u00e9rieur en tissu polyester avec rev\u00eatement polym\u00e8re, r\u00e9sistant \u00e0 l\u2019abrasion. La couche ext\u00e9rieure est \u00e9galement disponible dans un tissu sp\u00e9cial enduit de PU, r\u00e9sistant aux rayons UV, \u00e0 l\u2019ozone et aux intemp\u00e9ries avec une r\u00e9sistance accrue \u00e0 la temp\u00e9rature et \u00e0 l\u2019abrasion.<\/p>\n<p>COMPOTEC\u00ae FOOD 500 comprend dans la construction une couche de poly\u00e9thyl\u00e8ne haute densit\u00e9 qui garantit toute fuite dans les applications de gaz. Toutes les diff\u00e9rentes couches sont envelopp\u00e9es ensemble tendues entre une spirale interne et externe r\u00e9pondant \u00e0 toutes les exigences exig\u00e9es par l\u2019industrie alimentaire.<\/p>\n<p>COMPOTEC\u00ae FOOD 500 est fabriqu\u00e9 conform\u00e9ment aux normes europ\u00e9ennes EN 13765: 2003 Type 3 (BS 5842: 1980), et conform\u00e9ment aux recommandations des directives NAHAD 600\/2005.<\/p>\n<p>Sp\u00e9cialement con\u00e7u comme un tuyau universel pour le transfert d\u2019une grande vari\u00e9t\u00e9 de produits alimentaires, liquides et solides sous aspiration ou pression. Usage g\u00e9n\u00e9ral pour le chargement et le d\u00e9chargement de camions et de camions-citernes, de r\u00e9servoirs de stockage et d\u2019applications en usine. Particuli\u00e8rement recommand\u00e9 pour les applications d\u2019huiles comestibles: olive, tournesol, graines, noix de coco, etc. \u00c9galement recommand\u00e9 pour les produits comestibles, les alcools purs, l\u2019isopropyle, l\u2019\u00e9thyle, le m\u00e9thyle et les boissons alcoolis\u00e9es.<\/p>\n<p>Extr\u00eamement flexible et facile \u00e0 manipuler, COMPOTEC\u00ae FOOD 500 est conforme aux normes FDA 21 point 177.1520 et D.M. 26.04.93 n\u00ba 220 pour les applications en contact avec les aliments.<\/p>\n<p>Possibilit\u00e9 de nettoyer le tuyau avec de la vapeur ou avec divers produits chimiques tels que la soude caustique dilu\u00e9e et nitrique, sans aucun probl\u00e8me. 100% antistatique et peut \u00eatre utilis\u00e9 pour l\u2019aspiration ou la d\u00e9charge. Le rapport de vide est de 0,9 bar selon la m\u00e9thode B de la norme EN ISO 7233. Le tuyau peut \u00eatre fourni avec des raccords press\u00e9s tels que DIN, SMS, RYT ou Tri-Clamp. Les assemblages COMPOTEC\u00ae FOOD 500 sont test\u00e9s \u00e0 une pression de service de 1,5 fois pour la s\u00e9curit\u00e9 et la fiabilit\u00e9, conform\u00e9ment \u00e0 la norme EN ISO 1402 (BS 5842: 1980 clause 6.4). La pression de rupture indiqu\u00e9e est \u00e0 temp\u00e9rature ambiante selon la norme EN ISO 1402 (BS 5173 section 102.10: 1990).<\/p>\n<p>La continuit\u00e9 \u00e9lectrique est assur\u00e9e par les deux c\u00e2bles fix\u00e9s aux accessoires des extr\u00e9mit\u00e9s; aider \u00e0 dissiper la charge accumul\u00e9e et \u00e9viter la charge statique. La r\u00e9sistance \u00e9lectrique des assemblages de tuyaux est inf\u00e9rieure \u00e0 1 ohm\/mt comme l\u2019exige la norme EN ISO 8031:2009 &#8211; 4.7. Sur demande, il est possible de fabriquer COMPOTEC\u00ae FOOD 500 conform\u00e9ment \u00e0 la directive 94\/9 \/ \u00ab\u00a0ATEX\u00a0\u00bb CE, avec un couvercle ext\u00e9rieur antistatique noir sp\u00e9cial et avec le c\u00e2ble de mise \u00e0 la terre adapt\u00e9 aux environnements explosifs.<\/p>\n<p>&nbsp;<\/p>\n<p>&nbsp;<\/p>\n<h6><em>&#8211; Tuyaux Compotec, composites Nous concevons et produisons enti\u00e8rement des connexions avec une large gamme de tubes, tuyaux et conduits flexibles ainsi que des raccords et des accessoires avec les exigences de qualit\u00e9 les plus \u00e9lev\u00e9es &#8211;<\/em><\/h6>\n","protected":false},"excerpt":{"rendered":"<p>CARACT\u00c9RISTIQUES: COMPOTEC\u00ae FOOD 500 est un tuyau thermoplastique multicouche en poly\u00e9thyl\u00e8ne de haut poids mol\u00e9culaire (UHMW PLT) renforc\u00e9 interne et externe en acier inoxydable 316 L. Couvercle ext\u00e9rieur en tissu polyester avec rev\u00eatement polym\u00e8re, r\u00e9sistant \u00e0 l\u2019abrasion. La couche ext\u00e9rieure est \u00e9galement disponible dans un tissu sp\u00e9cial enduit de PU, r\u00e9sistant aux rayons UV, \u00e0 [&hellip;]<\/p>\n","protected":false},"featured_media":1468,"template":"","meta":{"content-type":"","ocean_post_layout":"","ocean_both_sidebars_style":"","ocean_both_sidebars_content_width":0,"ocean_both_sidebars_sidebars_width":0,"ocean_sidebar":"0","ocean_second_sidebar":"0","ocean_disable_margins":"enable","ocean_add_body_class":"","ocean_shortcode_before_top_bar":"","ocean_shortcode_after_top_bar":"","ocean_shortcode_before_header":"","ocean_shortcode_after_header":"","ocean_has_shortcode":"","ocean_shortcode_after_title":"","ocean_shortcode_before_footer_widgets":"","ocean_shortcode_after_footer_widgets":"","ocean_shortcode_before_footer_bottom":"","ocean_shortcode_after_footer_bottom":"","ocean_display_top_bar":"default","ocean_display_header":"default","ocean_header_style":"","ocean_center_header_left_menu":"0","ocean_custom_header_template":"0","ocean_custom_logo":0,"ocean_custom_retina_logo":0,"ocean_custom_logo_max_width":0,"ocean_custom_logo_tablet_max_width":0,"ocean_custom_logo_mobile_max_width":0,"ocean_custom_logo_max_height":0,"ocean_custom_logo_tablet_max_height":0,"ocean_custom_logo_mobile_max_height":0,"ocean_header_custom_menu":"0","ocean_menu_typo_font_family":"0","ocean_menu_typo_font_subset":"","ocean_menu_typo_font_size":0,"ocean_menu_typo_font_size_tablet":0,"ocean_menu_typo_font_size_mobile":0,"ocean_menu_typo_font_size_unit":"px","ocean_menu_typo_font_weight":"","ocean_menu_typo_font_weight_tablet":"","ocean_menu_typo_font_weight_mobile":"","ocean_menu_typo_transform":"","ocean_menu_typo_transform_tablet":"","ocean_menu_typo_transform_mobile":"","ocean_menu_typo_line_height":0,"ocean_menu_typo_line_height_tablet":0,"ocean_menu_typo_line_height_mobile":0,"ocean_menu_typo_line_height_unit":"","ocean_menu_typo_spacing":0,"ocean_menu_typo_spacing_tablet":0,"ocean_menu_typo_spacing_mobile":0,"ocean_menu_typo_spacing_unit":"","ocean_menu_link_color":"","ocean_menu_link_color_hover":"","ocean_menu_link_color_active":"","ocean_menu_link_background":"","ocean_menu_link_hover_background":"","ocean_menu_link_active_background":"","ocean_menu_social_links_bg":"","ocean_menu_social_hover_links_bg":"","ocean_menu_social_links_color":"","ocean_menu_social_hover_links_color":"","ocean_disable_title":"default","ocean_disable_heading":"default","ocean_post_title":"","ocean_post_subheading":"","ocean_post_title_style":"","ocean_post_title_background_color":"","ocean_post_title_background":0,"ocean_post_title_bg_image_position":"","ocean_post_title_bg_image_attachment":"","ocean_post_title_bg_image_repeat":"","ocean_post_title_bg_image_size":"","ocean_post_title_height":0,"ocean_post_title_bg_overlay":0.5,"ocean_post_title_bg_overlay_color":"","ocean_disable_breadcrumbs":"default","ocean_breadcrumbs_color":"","ocean_breadcrumbs_separator_color":"","ocean_breadcrumbs_links_color":"","ocean_breadcrumbs_links_hover_color":"","ocean_display_footer_widgets":"default","ocean_display_footer_bottom":"default","ocean_custom_footer_template":"0"},"product_cat":[40],"product_tag":[],"class_list":{"0":"post-1438","1":"product","2":"type-product","3":"status-publish","4":"has-post-thumbnail","6":"product_cat-non-classe","8":"entry","9":"has-media","11":"first","12":"instock","13":"shipping-taxable","14":"product-type-simple","15":"has-product-nav","16":"col","17":"span_1_of_3","18":"owp-content-center","19":"owp-thumbs-layout-horizontal","20":"owp-btn-normal","21":"owp-tabs-layout-horizontal","22":"has-no-thumbnails"},"_links":{"self":[{"href":"https:\/\/alphasteamair3s.com\/index.php\/wp-json\/wp\/v2\/product\/1438","targetHints":{"allow":["GET"]}}],"collection":[{"href":"https:\/\/alphasteamair3s.com\/index.php\/wp-json\/wp\/v2\/product"}],"about":[{"href":"https:\/\/alphasteamair3s.com\/index.php\/wp-json\/wp\/v2\/types\/product"}],"wp:featuredmedia":[{"embeddable":true,"href":"https:\/\/alphasteamair3s.com\/index.php\/wp-json\/wp\/v2\/media\/1468"}],"wp:attachment":[{"href":"https:\/\/alphasteamair3s.com\/index.php\/wp-json\/wp\/v2\/media?parent=1438"}],"wp:term":[{"taxonomy":"product_cat","embeddable":true,"href":"https:\/\/alphasteamair3s.com\/index.php\/wp-json\/wp\/v2\/product_cat?post=1438"},{"taxonomy":"product_tag","embeddable":true,"href":"https:\/\/alphasteamair3s.com\/index.php\/wp-json\/wp\/v2\/product_tag?post=1438"}],"curies":[{"name":"wp","href":"https:\/\/api.w.org\/{rel}","templated":true}]}}