{"id":1437,"date":"2023-02-20T18:23:34","date_gmt":"2023-02-20T18:23:34","guid":{"rendered":"https:\/\/alphasteamair3s.com\/?post_type=product&#038;p=1437"},"modified":"2023-02-20T18:23:40","modified_gmt":"2023-02-20T18:23:40","slug":"compotec-oilfuel-tuyau","status":"publish","type":"product","link":"https:\/\/alphasteamair3s.com\/index.php\/produit\/compotec-oilfuel-tuyau\/","title":{"rendered":"COMPOTEC\u00ae OIL&#038;FUEL TUYAU"},"content":{"rendered":"<p>CARACT\u00c9RISTIQUES:<\/p>\n<p>Tuyau thermoplastique multicouche flexible en polypropyl\u00e8ne, poly\u00e9thyl\u00e8ne et polyester r\u00e9sistant aux intemp\u00e9ries. Coque ext\u00e9rieure en polyester recouverte d\u2019un tissu en vinyle r\u00e9sistant aux intemp\u00e9ries et \u00e0 l\u2019abrasion. La coque ext\u00e9rieure est \u00e9galement disponible en ELASTAR, un tissu sp\u00e9cial enduit de PU r\u00e9sistant aux UV, \u00e0 l\u2019ozone et aux intemp\u00e9ries et r\u00e9sistant accru \u00e0 la temp\u00e9rature et \u00e0 l\u2019abrasion. Toutes les diff\u00e9rentes couches sont envelopp\u00e9es ensemble tendues entre une spirale interne et externe permettant \u00e0 nos produits de r\u00e9pondre aux exigences de l\u2019industrie p\u00e9trochimique et de l\u2019industrie gazi\u00e8re.<\/p>\n<p>Les tuyaux COMPOTEC\u00ae OIL&amp;FUEL sont \u00e9quip\u00e9s d\u2019une large gamme d\u2019accouplements disponibles, estamp\u00e9s \u00e0 l\u2019ext\u00e9rieur avec des bagues de presse.<\/p>\n<p>Les ensembles COMPOTEC\u00ae OIL&amp;FUEL sont test\u00e9s \u00e0 une pression de service de 1,5 fois pour la s\u00e9curit\u00e9 et la fiabilit\u00e9, conform\u00e9ment \u00e0 la norme EN ISO 1402 (BS 5842: 1980 clause 6.4).<\/p>\n<p>COMPOTEC\u00ae OIL&amp;FUEL peut \u00eatre fourni en version FIRETEC avec couvercle ADR CL1 (Self-Extinguishing).<\/p>\n<p>La pression de rupture indiqu\u00e9e est \u00e0 temp\u00e9rature ambiante selon la norme EN ISO 1402 (BS 5173 section 102.10: 1990).<\/p>\n<p>La continuit\u00e9 \u00e9lectrique est assur\u00e9e par les deux c\u00e2bles fix\u00e9s aux accessoires des extr\u00e9mit\u00e9s; aider \u00e0 dissiper la charge accumul\u00e9e et \u00e9viter la charge statique. La r\u00e9sistance \u00e9lectrique des assemblages de tuyaux est inf\u00e9rieure \u00e0<\/p>\n<p>1 ohm\/mt comme l\u2019exige la norme EN ISO 8031:2009 &#8211; 4.7.<\/p>\n<p>Sur demande, il est possible de fabriquer COMPOTEC\u00ae OIL&amp;FUEL conform\u00e9ment \u00e0 la directive 94\/9 \/ \u00ab\u00a0ATEX\u00a0\u00bb CE, avec un couvercle ext\u00e9rieur antistatique noir sp\u00e9cial et avec le c\u00e2ble de mise \u00e0 la terre adapt\u00e9 aux environnements explosifs.<\/p>\n<p>COMPOTEC\u00ae OIL&amp;FUEL 800 HD et OIL SD sont con\u00e7us pour le transfert d\u2019hydrocarbures, d\u2019huile, de p\u00e9trole, de diesel, d\u2019huiles lubrifiantes, de MTBE, de paraffines et d\u2019aromatiques \u00e0 100%.<\/p>\n<p>Extr\u00eamement flexibles, faciles \u00e0 manipuler et \u00e0 courber, tous les tuyaux sont 100% r\u00e9sistants aux aromatiques,<\/p>\n<p>antistatique et peut \u00eatre utilis\u00e9 pour l\u2019aspiration ou la d\u00e9charge.<\/p>\n<p>Rapport de vide de 0,9 bar, selon enR\u00d4 ISO 7233 m\u00e9thode B.<\/p>\n<p>&nbsp;<\/p>\n<p><strong>HUILE DE TUYAU 800 HD &#8211; ROBUSTE<\/strong><\/p>\n<p>Applications: fabrication \u00e0 haute r\u00e9sistance pour le transfert d\u2019une large gamme d\u2019hydrocarbures sous aspiration ou pression. Il est utilis\u00e9 pour le transfert de port \u00e0 navire, de navire \u00e0 navire et, en g\u00e9n\u00e9ral, pour les applications industrielles et maritimes les plus dangereuses.<\/p>\n<p>Construction: polypropyl\u00e8ne et polyester \u00e0 haute r\u00e9sistance. Couches haute densit\u00e9 de poly\u00e9thyl\u00e8ne de renforcement, y compris UHMW PLT et une couche extrud\u00e9e tubulaire sans soudure pour pr\u00e9venir les fuites possibles et assurer une construction \u00e9tanche aux gaz. Housse en polyester, r\u00e9sistante aux intemp\u00e9ries et \u00e0 l\u2019ozone. Les tuyaux 800 HD sont certifi\u00e9s par DNV conform\u00e9ment \u00e0 la directive 2014\/68\/UE \u00ab\u00a0PED\u00a0\u00bb et sont fabriqu\u00e9s conform\u00e9ment aux exigences de Par. 2:12 et 5:7 Code des transporteurs de produits chimiques de l\u2019OMI. Approuv\u00e9 par Lloyd avec le certificat n\u00b0 13\/0002.<\/p>\n<p>&nbsp;<\/p>\n<p><strong>HUILE DE TUYAU SD<\/strong><\/p>\n<p>Applications: Tuyau de service standard \u00e0 usage g\u00e9n\u00e9ral adapt\u00e9 au transfert en toute s\u00e9curit\u00e9 d\u2019un large<\/p>\n<p>vari\u00e9t\u00e9 d\u2019hydrocarbures, y compris les huiles, le carburant, le p\u00e9trole, le diesel, les huiles lubrifiantes, le k\u00e9ros\u00e8ne, le MTBE et aromatiques 100% sous aspiration ou pression. Usage g\u00e9n\u00e9ral pour le chargement et le d\u00e9chargement de camions et de chemins de fer-citernes, citernes-citernes<\/p>\n<p>stockage et applications au sein de l\u2019usine. Convient pour le chargement des bras.<\/p>\n<p>Construction: couches de polypropyl\u00e8ne \u00e0 haute r\u00e9sistance, renforts en poly\u00e9thyl\u00e8ne haute densit\u00e9 et couverture en tissu polyester enduit de vinyle, r\u00e9sistant aux intemp\u00e9ries et \u00e0 l\u2019ozone.<\/p>\n<p>&nbsp;<\/p>\n<p><strong>TUYAU VAPOROIL LD<\/strong><\/p>\n<p>Applications: Tuyau de service \u00e0 usage g\u00e9n\u00e9ral id\u00e9al pour une utilisation dans les syst\u00e8mes de r\u00e9cup\u00e9ration de vapeur du<\/p>\n<p>l\u2019industrie p\u00e9troli\u00e8re et p\u00e9trochimique d\u2019un navire \u00e0 l\u2019autre, d\u2019un navire \u00e0 l\u2019autre, d\u2019une cargaison de fond et d\u2019une exploitation de camion-citerne. Conforme au syst\u00e8me de contr\u00f4le de vapeur marine USCG 33CFR Part 154.810.<\/p>\n<p>Tous les tuyaux COMPOTEC\u00ae sont 100% antistatiques &#8211; conducteurs d\u2019\u00e9lectricit\u00e9, conformes aux normes ES, CE, AS,<\/p>\n<p>Exigences de la Garde c\u00f4ti\u00e8re am\u00e9ricaine et lignes directrices de la NAHAD,<\/p>\n<p>Approuv\u00e9 par Lloyds et DNV. Le certificat ATEX peut \u00eatre fourni sur demande<\/p>\n<p>&nbsp;<\/p>\n<p>&nbsp;<\/p>\n<h6><em>&#8211; Tuyaux Compotec, composites Nous concevons et produisons enti\u00e8rement des connexions avec une large gamme de tubes, tuyaux et conduits flexibles ainsi que des raccords et des accessoires avec les exigences de qualit\u00e9 les plus \u00e9lev\u00e9es &#8211;<\/em><\/h6>\n","protected":false},"excerpt":{"rendered":"<p>CARACT\u00c9RISTIQUES: Tuyau thermoplastique multicouche flexible en polypropyl\u00e8ne, poly\u00e9thyl\u00e8ne et polyester r\u00e9sistant aux intemp\u00e9ries. Coque ext\u00e9rieure en polyester recouverte d\u2019un tissu en vinyle r\u00e9sistant aux intemp\u00e9ries et \u00e0 l\u2019abrasion. La coque ext\u00e9rieure est \u00e9galement disponible en ELASTAR, un tissu sp\u00e9cial enduit de PU r\u00e9sistant aux UV, \u00e0 l\u2019ozone et aux intemp\u00e9ries et r\u00e9sistant accru \u00e0 la [&hellip;]<\/p>\n","protected":false},"featured_media":1467,"template":"","meta":{"content-type":"","ocean_post_layout":"","ocean_both_sidebars_style":"","ocean_both_sidebars_content_width":0,"ocean_both_sidebars_sidebars_width":0,"ocean_sidebar":"0","ocean_second_sidebar":"0","ocean_disable_margins":"enable","ocean_add_body_class":"","ocean_shortcode_before_top_bar":"","ocean_shortcode_after_top_bar":"","ocean_shortcode_before_header":"","ocean_shortcode_after_header":"","ocean_has_shortcode":"","ocean_shortcode_after_title":"","ocean_shortcode_before_footer_widgets":"","ocean_shortcode_after_footer_widgets":"","ocean_shortcode_before_footer_bottom":"","ocean_shortcode_after_footer_bottom":"","ocean_display_top_bar":"default","ocean_display_header":"default","ocean_header_style":"","ocean_center_header_left_menu":"0","ocean_custom_header_template":"0","ocean_custom_logo":0,"ocean_custom_retina_logo":0,"ocean_custom_logo_max_width":0,"ocean_custom_logo_tablet_max_width":0,"ocean_custom_logo_mobile_max_width":0,"ocean_custom_logo_max_height":0,"ocean_custom_logo_tablet_max_height":0,"ocean_custom_logo_mobile_max_height":0,"ocean_header_custom_menu":"0","ocean_menu_typo_font_family":"0","ocean_menu_typo_font_subset":"","ocean_menu_typo_font_size":0,"ocean_menu_typo_font_size_tablet":0,"ocean_menu_typo_font_size_mobile":0,"ocean_menu_typo_font_size_unit":"px","ocean_menu_typo_font_weight":"","ocean_menu_typo_font_weight_tablet":"","ocean_menu_typo_font_weight_mobile":"","ocean_menu_typo_transform":"","ocean_menu_typo_transform_tablet":"","ocean_menu_typo_transform_mobile":"","ocean_menu_typo_line_height":0,"ocean_menu_typo_line_height_tablet":0,"ocean_menu_typo_line_height_mobile":0,"ocean_menu_typo_line_height_unit":"","ocean_menu_typo_spacing":0,"ocean_menu_typo_spacing_tablet":0,"ocean_menu_typo_spacing_mobile":0,"ocean_menu_typo_spacing_unit":"","ocean_menu_link_color":"","ocean_menu_link_color_hover":"","ocean_menu_link_color_active":"","ocean_menu_link_background":"","ocean_menu_link_hover_background":"","ocean_menu_link_active_background":"","ocean_menu_social_links_bg":"","ocean_menu_social_hover_links_bg":"","ocean_menu_social_links_color":"","ocean_menu_social_hover_links_color":"","ocean_disable_title":"default","ocean_disable_heading":"default","ocean_post_title":"","ocean_post_subheading":"","ocean_post_title_style":"","ocean_post_title_background_color":"","ocean_post_title_background":0,"ocean_post_title_bg_image_position":"","ocean_post_title_bg_image_attachment":"","ocean_post_title_bg_image_repeat":"","ocean_post_title_bg_image_size":"","ocean_post_title_height":0,"ocean_post_title_bg_overlay":0.5,"ocean_post_title_bg_overlay_color":"","ocean_disable_breadcrumbs":"default","ocean_breadcrumbs_color":"","ocean_breadcrumbs_separator_color":"","ocean_breadcrumbs_links_color":"","ocean_breadcrumbs_links_hover_color":"","ocean_display_footer_widgets":"default","ocean_display_footer_bottom":"default","ocean_custom_footer_template":"0"},"product_cat":[40],"product_tag":[],"class_list":{"0":"post-1437","1":"product","2":"type-product","3":"status-publish","4":"has-post-thumbnail","6":"product_cat-non-classe","8":"entry","9":"has-media","11":"first","12":"instock","13":"shipping-taxable","14":"product-type-simple","15":"has-product-nav","16":"col","17":"span_1_of_3","18":"owp-content-center","19":"owp-thumbs-layout-horizontal","20":"owp-btn-normal","21":"owp-tabs-layout-horizontal","22":"has-no-thumbnails"},"_links":{"self":[{"href":"https:\/\/alphasteamair3s.com\/index.php\/wp-json\/wp\/v2\/product\/1437","targetHints":{"allow":["GET"]}}],"collection":[{"href":"https:\/\/alphasteamair3s.com\/index.php\/wp-json\/wp\/v2\/product"}],"about":[{"href":"https:\/\/alphasteamair3s.com\/index.php\/wp-json\/wp\/v2\/types\/product"}],"wp:featuredmedia":[{"embeddable":true,"href":"https:\/\/alphasteamair3s.com\/index.php\/wp-json\/wp\/v2\/media\/1467"}],"wp:attachment":[{"href":"https:\/\/alphasteamair3s.com\/index.php\/wp-json\/wp\/v2\/media?parent=1437"}],"wp:term":[{"taxonomy":"product_cat","embeddable":true,"href":"https:\/\/alphasteamair3s.com\/index.php\/wp-json\/wp\/v2\/product_cat?post=1437"},{"taxonomy":"product_tag","embeddable":true,"href":"https:\/\/alphasteamair3s.com\/index.php\/wp-json\/wp\/v2\/product_tag?post=1437"}],"curies":[{"name":"wp","href":"https:\/\/api.w.org\/{rel}","templated":true}]}}