{"id":1379,"date":"2023-02-20T18:23:19","date_gmt":"2023-02-20T18:23:19","guid":{"rendered":"https:\/\/alphasteamair3s.com\/?post_type=product&#038;p=1379"},"modified":"2023-02-20T18:23:23","modified_gmt":"2023-02-20T18:23:23","slug":"tuyau-en-polyurethane-airpass","status":"publish","type":"product","link":"https:\/\/alphasteamair3s.com\/index.php\/produit\/tuyau-en-polyurethane-airpass\/","title":{"rendered":"TUYAU EN POLYUR\u00c9THANE AIRPASS"},"content":{"rendered":"<p>CARACT\u00c9RISTIQUES:<\/p>\n<ul>\n<li>Chambre \u00e0 air en base de polyur\u00e9thane Ester SH-85A.<\/li>\n<li>Renfort textile.<\/li>\n<li>Couvercle en ester \u00e0 base de polyur\u00e9thane.<\/li>\n<li>Temp\u00e9rature de fonctionnement: 0\u00baC \u00e0 +65\u00baC.<\/li>\n<li>Facteur de s\u00e9curit\u00e9 4:1 pression de service.<\/li>\n<li>Haute r\u00e9sistance \u00e0 l\u2019abrasion.<\/li>\n<li>Bonne flexibilit\u00e9 sur une large plage de temp\u00e9rature.<\/li>\n<li>R\u00e9sistant aux intemp\u00e9ries, aux huiles, aux graisses et aux hydrocarbures.<\/li>\n<\/ul>\n<p>COULEUR:<\/p>\n<ul>\n<li>Couleur standard bleu.<\/li>\n<li>Disponible sur demande sp\u00e9ciale d\u2019autres tailles et couleurs (Noir \/ Rouge \/ Orange \/<\/li>\n<li>Transparent \/ Bleu \/ Jaune).<\/li>\n<\/ul>\n<p>APPLICATIONS:<\/p>\n<ul>\n<li>Outil pneumatique.<\/li>\n<li>Applications avec un haut niveau de flexibilit\u00e9.<\/li>\n<li>Carburant conduisant \u00e0 de petits moteurs.<\/li>\n<li>Transport de fluides abrasifs.<\/li>\n<\/ul>\n","protected":false},"excerpt":{"rendered":"<p>CARACT\u00c9RISTIQUES: Chambre \u00e0 air en base de polyur\u00e9thane Ester SH-85A. Renfort textile. Couvercle en ester \u00e0 base de polyur\u00e9thane. Temp\u00e9rature de fonctionnement: 0\u00baC \u00e0 +65\u00baC. Facteur de s\u00e9curit\u00e9 4:1 pression de service. Haute r\u00e9sistance \u00e0 l\u2019abrasion. Bonne flexibilit\u00e9 sur une large plage de temp\u00e9rature. R\u00e9sistant aux intemp\u00e9ries, aux huiles, aux graisses et aux hydrocarbures. COULEUR: [&hellip;]<\/p>\n","protected":false},"featured_media":1404,"template":"","meta":{"content-type":"","ocean_post_layout":"","ocean_both_sidebars_style":"","ocean_both_sidebars_content_width":0,"ocean_both_sidebars_sidebars_width":0,"ocean_sidebar":"0","ocean_second_sidebar":"0","ocean_disable_margins":"enable","ocean_add_body_class":"","ocean_shortcode_before_top_bar":"","ocean_shortcode_after_top_bar":"","ocean_shortcode_before_header":"","ocean_shortcode_after_header":"","ocean_has_shortcode":"","ocean_shortcode_after_title":"","ocean_shortcode_before_footer_widgets":"","ocean_shortcode_after_footer_widgets":"","ocean_shortcode_before_footer_bottom":"","ocean_shortcode_after_footer_bottom":"","ocean_display_top_bar":"default","ocean_display_header":"default","ocean_header_style":"","ocean_center_header_left_menu":"0","ocean_custom_header_template":"0","ocean_custom_logo":0,"ocean_custom_retina_logo":0,"ocean_custom_logo_max_width":0,"ocean_custom_logo_tablet_max_width":0,"ocean_custom_logo_mobile_max_width":0,"ocean_custom_logo_max_height":0,"ocean_custom_logo_tablet_max_height":0,"ocean_custom_logo_mobile_max_height":0,"ocean_header_custom_menu":"0","ocean_menu_typo_font_family":"0","ocean_menu_typo_font_subset":"","ocean_menu_typo_font_size":0,"ocean_menu_typo_font_size_tablet":0,"ocean_menu_typo_font_size_mobile":0,"ocean_menu_typo_font_size_unit":"px","ocean_menu_typo_font_weight":"","ocean_menu_typo_font_weight_tablet":"","ocean_menu_typo_font_weight_mobile":"","ocean_menu_typo_transform":"","ocean_menu_typo_transform_tablet":"","ocean_menu_typo_transform_mobile":"","ocean_menu_typo_line_height":0,"ocean_menu_typo_line_height_tablet":0,"ocean_menu_typo_line_height_mobile":0,"ocean_menu_typo_line_height_unit":"","ocean_menu_typo_spacing":0,"ocean_menu_typo_spacing_tablet":0,"ocean_menu_typo_spacing_mobile":0,"ocean_menu_typo_spacing_unit":"","ocean_menu_link_color":"","ocean_menu_link_color_hover":"","ocean_menu_link_color_active":"","ocean_menu_link_background":"","ocean_menu_link_hover_background":"","ocean_menu_link_active_background":"","ocean_menu_social_links_bg":"","ocean_menu_social_hover_links_bg":"","ocean_menu_social_links_color":"","ocean_menu_social_hover_links_color":"","ocean_disable_title":"default","ocean_disable_heading":"default","ocean_post_title":"","ocean_post_subheading":"","ocean_post_title_style":"","ocean_post_title_background_color":"","ocean_post_title_background":0,"ocean_post_title_bg_image_position":"","ocean_post_title_bg_image_attachment":"","ocean_post_title_bg_image_repeat":"","ocean_post_title_bg_image_size":"","ocean_post_title_height":0,"ocean_post_title_bg_overlay":0.5,"ocean_post_title_bg_overlay_color":"","ocean_disable_breadcrumbs":"default","ocean_breadcrumbs_color":"","ocean_breadcrumbs_separator_color":"","ocean_breadcrumbs_links_color":"","ocean_breadcrumbs_links_hover_color":"","ocean_display_footer_widgets":"default","ocean_display_footer_bottom":"default","ocean_custom_footer_template":"0"},"product_cat":[40],"product_tag":[],"class_list":{"0":"post-1379","1":"product","2":"type-product","3":"status-publish","4":"has-post-thumbnail","6":"product_cat-non-classe","8":"entry","9":"has-media","11":"first","12":"instock","13":"shipping-taxable","14":"product-type-simple","15":"has-product-nav","16":"col","17":"span_1_of_3","18":"owp-content-center","19":"owp-thumbs-layout-horizontal","20":"owp-btn-normal","21":"owp-tabs-layout-horizontal","22":"has-no-thumbnails"},"_links":{"self":[{"href":"https:\/\/alphasteamair3s.com\/index.php\/wp-json\/wp\/v2\/product\/1379","targetHints":{"allow":["GET"]}}],"collection":[{"href":"https:\/\/alphasteamair3s.com\/index.php\/wp-json\/wp\/v2\/product"}],"about":[{"href":"https:\/\/alphasteamair3s.com\/index.php\/wp-json\/wp\/v2\/types\/product"}],"wp:featuredmedia":[{"embeddable":true,"href":"https:\/\/alphasteamair3s.com\/index.php\/wp-json\/wp\/v2\/media\/1404"}],"wp:attachment":[{"href":"https:\/\/alphasteamair3s.com\/index.php\/wp-json\/wp\/v2\/media?parent=1379"}],"wp:term":[{"taxonomy":"product_cat","embeddable":true,"href":"https:\/\/alphasteamair3s.com\/index.php\/wp-json\/wp\/v2\/product_cat?post=1379"},{"taxonomy":"product_tag","embeddable":true,"href":"https:\/\/alphasteamair3s.com\/index.php\/wp-json\/wp\/v2\/product_tag?post=1379"}],"curies":[{"name":"wp","href":"https:\/\/api.w.org\/{rel}","templated":true}]}}