{"id":1377,"date":"2023-02-20T18:23:18","date_gmt":"2023-02-20T18:23:18","guid":{"rendered":"https:\/\/alphasteamair3s.com\/?post_type=product&#038;p=1377"},"modified":"2023-02-20T18:23:22","modified_gmt":"2023-02-20T18:23:22","slug":"protections-intelligentes-pour-tubes-flexibles-tubes-rigides-et-cables","status":"publish","type":"product","link":"https:\/\/alphasteamair3s.com\/index.php\/produit\/protections-intelligentes-pour-tubes-flexibles-tubes-rigides-et-cables\/","title":{"rendered":"PROTECTIONS INTELLIGENTES POUR TUBES FLEXIBLES, TUBES RIGIDES ET C\u00c2BLES"},"content":{"rendered":"<p>Diff\u00e9rents types de protections techniques pour tubes flexibles.<\/p>\n<p>&nbsp;<\/p>\n<p><strong>KOVERTEC- PSA<\/strong><\/p>\n<p><a>D\u00c9VELOPP\u00c9 EN MAT\u00c9RIAU AC\u00c9TAL POUR ASSURER LE MEILLEUR NIVEAU DE PROTECTION, M\u00caME AVEC UN DEGR\u00c9 MAXIMAL DE COURBURE DU TUBE FLEXIBLE. HAUTE R\u00c9SISTANCE \u00c0 L\u2019ABRASION, SUP\u00c9RIEURE \u00c0 LA NORME ISO 6945.<\/a><\/p>\n<p>CARACT\u00c9RISTIQUES:<\/p>\n<ul>\n<li>La conception innovante a \u00e9t\u00e9 d\u00e9velopp\u00e9e pour favoriser et garantir le meilleur niveau de protection, m\u00eame dans le cas d\u2019un degr\u00e9 maximal de courbure du tube flexible.<\/li>\n<li>Haute r\u00e9sistance \u00e0 l\u2019abrasion, sup\u00e9rieure \u00e0 la norme ISO 6945.<\/li>\n<li>Temp\u00e9rature de fonctionnement: -20\u00baC \u00e0 +85\u00baC (pointes jusqu\u2019\u00e0 +95\u00baC).<\/li>\n<li>Noir. Facultatif: couleur jaune.<\/li>\n<li>Fait d\u2019ac\u00e9tal.<\/li>\n<\/ul>\n<p><strong>TEXwrap<\/strong><\/p>\n<p>C\u2019est la solution id\u00e9ale lorsque la protection doit \u00eatre appliqu\u00e9e aux tubes de fonctionnement. Fait de fibre de nylon et de rev\u00eatement en polyur\u00e9thane. R\u00e9sistant \u00e0 l\u2019abrasion, aux UV et \u00e0 une temp\u00e9rature allant jusqu\u2019\u00e0 180 \u2070C. Syst\u00e8me de fermeture avec velcro. Norme USMSHA approuv\u00e9e.<\/p>\n<p>Housse textile applicable \u00ab\u00a0in situ\u00a0\u00bb, r\u00e9sistante \u00e0 la temp\u00e9rature, \u00e0 l\u2019abrasion et \u00e0 la rupture du tuyau.<\/p>\n<p>CARACT\u00c9RISTIQUES:<\/p>\n<ul>\n<li>Texwrap est la solution id\u00e9ale lorsqu\u2019il est n\u00e9cessaire d\u2019appliquer une protection sur un tube en fonctionnement ou dans le remplacement d\u2019un couvercle d\u00e9t\u00e9rior\u00e9 au fil du temps.<\/li>\n<li>Fabriqu\u00e9 avec fibre de nylon et rev\u00eatement en polyur\u00e9thane, r\u00e9sistant aux UV.<\/li>\n<li>Il r\u00e9siste \u00e0 de hauts degr\u00e9s d\u2019abrasion et \u00e0 une temp\u00e9rature allant jusqu\u2019\u00e0 +180\u00baC.<\/li>\n<li>Syst\u00e8me de fermeture velcro.<\/li>\n<li>R\u00e9sistance volumique selon IEC 15-23 (\u03a9 m 5.9 .1012)<\/li>\n<li>R\u00e9sistance de surface selon IEC 15-23 (\u03a9 .1.4 .1016)<\/li>\n<li>Norme USMSHA approuv\u00e9e.<\/li>\n<\/ul>\n<p><strong>TEXStrip<\/strong><\/p>\n<p>Pince anti-abrasion pour la fixation et le compactage d\u2019ensembles de tubes et de c\u00e2bles. Applicable \u00ab sur place \u00bb. Syst\u00e8me de fermeture avec velcro.<\/p>\n<p>CARACT\u00c9RISTIQUES:<\/p>\n<ul>\n<li>Pince anti-abrasion robuste fabriqu\u00e9e avec le m\u00eame tissu que le Texsleeve.<\/li>\n<li>Pi\u00e8ces m\u00e9talliques en Inox AISI 316.<\/li>\n<li>Sa fonction est de tenir un ensemble de tubes ou de c\u00e2bles de mani\u00e8re compacte et s\u00e9curis\u00e9e.<\/li>\n<li>Syst\u00e8me de fermeture velcro.<\/li>\n<\/ul>\n<p><strong>SHILTEK LG<\/strong><\/p>\n<p>C\u2019est un couvercle de protection pour r\u00e9sister aux temp\u00e9ratures \u00e9lev\u00e9es et prot\u00e9ger les tubes et les c\u00e2bles. Il est fait de fibre de verre et de silicone. Norme USMSHA APPROUV\u00c9E \u2013 UL\/441<\/p>\n<p>Protection r\u00e9sistante au feu pour tubes et c\u00e2bles flexibles.<\/p>\n<p>CARACT\u00c9RISTIQUES:<\/p>\n<ul>\n<li>Shiltek LG est un \u00e9tui de protection con\u00e7u pour r\u00e9sister \u00e0 des temp\u00e9ratures \u00e9lev\u00e9es, en fibre de verre et en silicone.<\/li>\n<li>R\u00e9sistant aux flammes et aux \u00e9tincelles m\u00e9talliques lors de la coul\u00e9e.<\/li>\n<li>Temp\u00e9rature de fonctionnement: de -54\u00baC \u00e0 +260\u00baC.<\/li>\n<li>Norme USMSHA approuv\u00e9e.<\/li>\n<li>UL\/441.<\/li>\n<\/ul>\n<p><strong>KOVERTEC- ht<\/strong><\/p>\n<p>Protection d\u00e9velopp\u00e9e en mat\u00e9riau PA12 pour garantir le meilleur niveau de protection, m\u00eame avec un degr\u00e9 maximal de courbure du tube flexible. R\u00e9sistance \u00e0 haute temp\u00e9rature tout en conservant les propri\u00e9t\u00e9s de protection et de r\u00e9sistance \u00e0 la flexibilit\u00e9. Norme USMSHA.<\/p>\n<p>Protection thermoplastique pour haute temp\u00e9rature.<\/p>\n<p>CARACT\u00c9RISTIQUES:<\/p>\n<ul>\n<li>Il est fabriqu\u00e9 avec PA 12 et se distingue par sa couleur bleue.<\/li>\n<li>Il garantit une r\u00e9sistance \u00e0 haute temp\u00e9rature.<\/li>\n<li>La plage de temp\u00e9rature de travail (-40\u00baC \u00e0 +125\u00baC) maintient inchang\u00e9es toutes les propri\u00e9t\u00e9s de protection et de r\u00e9sistance \u00e0 la flexibilit\u00e9.<\/li>\n<li>R\u00e9sistance au feu et \u00e0 la propagation des flammes, sup\u00e9rieure \u00e0 la norme USMSHA.<\/li>\n<\/ul>\n<p><strong>KOVERTEC- hD<\/strong><\/p>\n<p>Protection thermoplastique pour un degr\u00e9 \u00e9lev\u00e9 d\u2019abrasion. R\u00e9sistant \u00e0 l\u2019abrasion sup\u00e9rieur \u00e0 la norme ISO6945.<\/p>\n<p>Protection thermoplastique pour un degr\u00e9 \u00e9lev\u00e9 d\u2019abrasion<\/p>\n<p>CARACT\u00c9RISTIQUES:<\/p>\n<ul>\n<li>Con\u00e7u pour les applications n\u00e9cessitant une r\u00e9sistance et une r\u00e9sistance \u00e0 l\u2019abrasion \u00e9lev\u00e9es.<\/li>\n<li>Fabriqu\u00e9 avec une \u00e9paisseur consid\u00e9rable en extrusion, la protection assure une haute protection contre l\u2019abrasion dans les tuyaux et les c\u00e2bles.<\/li>\n<li>R\u00e9sistance \u00e0 l\u2019abrasion sup\u00e9rieure \u00e0 la norme ISO6945.<\/li>\n<li>Plage de temp\u00e9rature -60\u00baC \u00e0 +60\u00baC avec des pics jusqu\u2019\u00e0 +90\u00baC.<\/li>\n<li>Noir. Autres couleurs \u00e0 consulter.<\/li>\n<li>Tol\u00e9rance \u00f8 int\u00e9rieur +\/- 2mm.<\/li>\n<\/ul>\n<p><strong>TEXSLEEVE<\/strong><\/p>\n<p>Protection pour le confinement dans les syst\u00e8mes \u00e0 haute pression. Principalement applicable dans les syst\u00e8mes hydrauliques. Il s\u2019agit d\u2019une couverture textile en fibre de nylon avec traitement de d\u00e9sa\u00e9ration. Il est fourni en diff\u00e9rentes tailles entre \u00d8 17 et 127 mm.<\/p>\n<p>Protection du contenu dans les syst\u00e8mes haute pression<\/p>\n<p>CARACT\u00c9RISTIQUES:<\/p>\n<ul>\n<li>Texsleeve est une housse textile, brevet\u00e9e par MAZZER, pour r\u00e9pondre aux exigences de s\u00e9curit\u00e9 actuelles dans les projets modernes d\u2019\u00e9quipements manipul\u00e9s par les op\u00e9rateurs.<\/li>\n<li>Mat\u00e9riau: fibre de nylon continue avec le traitement \u00ab\u00a0d\u00e9sa\u00e9ration\u00a0\u00bb dont la principale caract\u00e9ristique est d\u2019expulser l\u2019air dans le processus de filature pour obtenir un tissu tr\u00e8s compact et ainsi obtenir une r\u00e9sistance \u00e9lev\u00e9e.<\/li>\n<li>Il garantit une r\u00e9sistance \u00e0 la pression 7 fois sup\u00e9rieure \u00e0 celle des housses de protection courantes.<\/li>\n<li>Temp\u00e9rature de fonctionnement: jusqu\u2019\u00e0 +100\u00baC (pointes de +120\u00baC).<\/li>\n<li>R\u00e9sistance \u00e0 l\u2019abrasion sup\u00e9rieure \u00e0 la norme ISO 6945.<\/li>\n<li>R\u00e9sistance au feu et \u00e0 la propagation des flammes, sup\u00e9rieure \u00e0 la norme USMSHA.<\/li>\n<li>R\u00e9sistance \u00e0 la pression, selon la norme SAE J 343.<\/li>\n<li>Conductivit\u00e9 \u00e9lectrique selon ISO 8031.<\/li>\n<\/ul>\n","protected":false},"excerpt":{"rendered":"<p>Diff\u00e9rents types de protections techniques pour tubes flexibles. &nbsp; KOVERTEC- PSA D\u00c9VELOPP\u00c9 EN MAT\u00c9RIAU AC\u00c9TAL POUR ASSURER LE MEILLEUR NIVEAU DE PROTECTION, M\u00caME AVEC UN DEGR\u00c9 MAXIMAL DE COURBURE DU TUBE FLEXIBLE. HAUTE R\u00c9SISTANCE \u00c0 L\u2019ABRASION, SUP\u00c9RIEURE \u00c0 LA NORME ISO 6945. CARACT\u00c9RISTIQUES: La conception innovante a \u00e9t\u00e9 d\u00e9velopp\u00e9e pour favoriser et garantir le meilleur [&hellip;]<\/p>\n","protected":false},"featured_media":1402,"template":"","meta":{"content-type":"","ocean_post_layout":"","ocean_both_sidebars_style":"","ocean_both_sidebars_content_width":0,"ocean_both_sidebars_sidebars_width":0,"ocean_sidebar":"0","ocean_second_sidebar":"0","ocean_disable_margins":"enable","ocean_add_body_class":"","ocean_shortcode_before_top_bar":"","ocean_shortcode_after_top_bar":"","ocean_shortcode_before_header":"","ocean_shortcode_after_header":"","ocean_has_shortcode":"","ocean_shortcode_after_title":"","ocean_shortcode_before_footer_widgets":"","ocean_shortcode_after_footer_widgets":"","ocean_shortcode_before_footer_bottom":"","ocean_shortcode_after_footer_bottom":"","ocean_display_top_bar":"default","ocean_display_header":"default","ocean_header_style":"","ocean_center_header_left_menu":"0","ocean_custom_header_template":"0","ocean_custom_logo":0,"ocean_custom_retina_logo":0,"ocean_custom_logo_max_width":0,"ocean_custom_logo_tablet_max_width":0,"ocean_custom_logo_mobile_max_width":0,"ocean_custom_logo_max_height":0,"ocean_custom_logo_tablet_max_height":0,"ocean_custom_logo_mobile_max_height":0,"ocean_header_custom_menu":"0","ocean_menu_typo_font_family":"0","ocean_menu_typo_font_subset":"","ocean_menu_typo_font_size":0,"ocean_menu_typo_font_size_tablet":0,"ocean_menu_typo_font_size_mobile":0,"ocean_menu_typo_font_size_unit":"px","ocean_menu_typo_font_weight":"","ocean_menu_typo_font_weight_tablet":"","ocean_menu_typo_font_weight_mobile":"","ocean_menu_typo_transform":"","ocean_menu_typo_transform_tablet":"","ocean_menu_typo_transform_mobile":"","ocean_menu_typo_line_height":0,"ocean_menu_typo_line_height_tablet":0,"ocean_menu_typo_line_height_mobile":0,"ocean_menu_typo_line_height_unit":"","ocean_menu_typo_spacing":0,"ocean_menu_typo_spacing_tablet":0,"ocean_menu_typo_spacing_mobile":0,"ocean_menu_typo_spacing_unit":"","ocean_menu_link_color":"","ocean_menu_link_color_hover":"","ocean_menu_link_color_active":"","ocean_menu_link_background":"","ocean_menu_link_hover_background":"","ocean_menu_link_active_background":"","ocean_menu_social_links_bg":"","ocean_menu_social_hover_links_bg":"","ocean_menu_social_links_color":"","ocean_menu_social_hover_links_color":"","ocean_disable_title":"default","ocean_disable_heading":"default","ocean_post_title":"","ocean_post_subheading":"","ocean_post_title_style":"","ocean_post_title_background_color":"","ocean_post_title_background":0,"ocean_post_title_bg_image_position":"","ocean_post_title_bg_image_attachment":"","ocean_post_title_bg_image_repeat":"","ocean_post_title_bg_image_size":"","ocean_post_title_height":0,"ocean_post_title_bg_overlay":0.5,"ocean_post_title_bg_overlay_color":"","ocean_disable_breadcrumbs":"default","ocean_breadcrumbs_color":"","ocean_breadcrumbs_separator_color":"","ocean_breadcrumbs_links_color":"","ocean_breadcrumbs_links_hover_color":"","ocean_display_footer_widgets":"default","ocean_display_footer_bottom":"default","ocean_custom_footer_template":"0"},"product_cat":[40],"product_tag":[],"class_list":{"0":"post-1377","1":"product","2":"type-product","3":"status-publish","4":"has-post-thumbnail","6":"product_cat-non-classe","8":"entry","9":"has-media","11":"first","12":"instock","13":"shipping-taxable","14":"product-type-simple","15":"has-product-nav","16":"col","17":"span_1_of_3","18":"owp-content-center","19":"owp-thumbs-layout-horizontal","20":"owp-btn-normal","21":"owp-tabs-layout-horizontal","22":"has-no-thumbnails"},"_links":{"self":[{"href":"https:\/\/alphasteamair3s.com\/index.php\/wp-json\/wp\/v2\/product\/1377","targetHints":{"allow":["GET"]}}],"collection":[{"href":"https:\/\/alphasteamair3s.com\/index.php\/wp-json\/wp\/v2\/product"}],"about":[{"href":"https:\/\/alphasteamair3s.com\/index.php\/wp-json\/wp\/v2\/types\/product"}],"wp:featuredmedia":[{"embeddable":true,"href":"https:\/\/alphasteamair3s.com\/index.php\/wp-json\/wp\/v2\/media\/1402"}],"wp:attachment":[{"href":"https:\/\/alphasteamair3s.com\/index.php\/wp-json\/wp\/v2\/media?parent=1377"}],"wp:term":[{"taxonomy":"product_cat","embeddable":true,"href":"https:\/\/alphasteamair3s.com\/index.php\/wp-json\/wp\/v2\/product_cat?post=1377"},{"taxonomy":"product_tag","embeddable":true,"href":"https:\/\/alphasteamair3s.com\/index.php\/wp-json\/wp\/v2\/product_tag?post=1377"}],"curies":[{"name":"wp","href":"https:\/\/api.w.org\/{rel}","templated":true}]}}