{"id":1374,"date":"2023-02-20T18:23:18","date_gmt":"2023-02-20T18:23:18","guid":{"rendered":"https:\/\/alphasteamair3s.com\/?post_type=product&#038;p=1374"},"modified":"2023-02-20T18:23:21","modified_gmt":"2023-02-20T18:23:21","slug":"tuyau-renforce-imavac-avec-spirale-ss316-silicone-sanitaire-platine-durci","status":"publish","type":"product","link":"https:\/\/alphasteamair3s.com\/index.php\/produit\/tuyau-renforce-imavac-avec-spirale-ss316-silicone-sanitaire-platine-durci\/","title":{"rendered":"TUYAU RENFORC\u00c9 IMAVAC\u00ae AVEC SPIRALE SS316 SILICONE SANITAIRE PLATINE DURCI"},"content":{"rendered":"<p>CARACT\u00c9RISTIQUES:<\/p>\n<p>Notre tuyau en silicone renforc\u00e9 durci \u00ab\u00a0Platinum\u00a0\u00bb, est fabriqu\u00e9 dans une salle blanche avec les normes de qualit\u00e9 les plus strictes.<\/p>\n<ul>\n<li>Il est conforme \u00e0 toutes les certifications requises dans les processus les plus critiques des diff\u00e9rents secteurs.<\/li>\n<li>Mati\u00e8re premi\u00e8re 100% silicone pur manipul\u00e9e par des machines de haute technologie et de pr\u00e9cision avec le contr\u00f4le de processus le plus exigeant.<\/li>\n<li>Version mont\u00e9e disponible avec diff\u00e9rentes gammes de raccords \u00e0 une ou aux deux extr\u00e9mit\u00e9s.<\/li>\n<li>Renfort en acier inoxydable 316.<\/li>\n<li>Temp\u00e9rature : -80\u00baC \u00e0 +180\u00baC.<\/li>\n<li>Propri\u00e9t\u00e9s antistatiques.<\/li>\n<\/ul>\n<p>CERTIFICATIONS:<\/p>\n<ul>\n<li>USP Classe VI.<\/li>\n<li>ISO 10933 &#8211; 1.<\/li>\n<li>NSF &#8211; 51.<\/li>\n<li>\u00c9tats-Unis &#8211; FDA 21 CFR 177.2600.<\/li>\n<li>PHTALATE &#8211; SANS BISPH\u00c9NOL.<\/li>\n<li>EST\/ESB.<\/li>\n<li>ROHS.<\/li>\n<\/ul>\n<p>APPLICATIONS:<\/p>\n<ul>\n<li>Vide pouss\u00e9.<\/li>\n<li>Industrie pharmaceutique.<\/li>\n<li>Biotechnologie.<\/li>\n<li>Charge de culture et de cellules.<\/li>\n<li>Cosm\u00e9tique.<\/li>\n<li>Industrie alimentaire.<\/li>\n<li>Laboratoires d\u2019analyse.<\/li>\n<li>Applications antistatiques<\/li>\n<\/ul>\n<p>&nbsp;<\/p>\n<h6><em>Tubes en silicone extrud\u00e9. Peroxyde de qualit\u00e9 alimentaire, boissons, distributeurs automatiques, vapeur basse pression, protection et rev\u00eatement. Certifi\u00e9 FDA. Platine durci pour l\u2019industrie pharmaceutique. Chimie g\u00e9n\u00e9rale. Industrie alimentaire. Distributeurs. Cosm\u00e9tique. Pompes p\u00e9ristaltiques. St\u00e9rilisable par la vapeur, la chaleur s\u00e8che, l\u2019oxyde d\u2019\u00e9thyl\u00e8ne et le rayonnement gamma. USP Classe VI. FDA 21 CFR 177.2600. NSF &#8211; 51. Norme ISO 10933. US-FDA (DFM #26201). Pharmacop\u00e9e europ\u00e9enne 3.1.9 pour les silicones. Phatalate\/Bis-ph\u00e9nol Sans COA. EST\/ESB. Allemand BfRxv. ROHS. France Arrete du 25. Certificat de laboratoire. Conformit\u00e9. Fabriqu\u00e9 et emball\u00e9 dans une salle blanche certifi\u00e9e iso (classe 7). Donn\u00e9es amovibles et lixiviables disponibles sur demande.<\/em><\/h6>\n","protected":false},"excerpt":{"rendered":"<p>CARACT\u00c9RISTIQUES: Notre tuyau en silicone renforc\u00e9 durci \u00ab\u00a0Platinum\u00a0\u00bb, est fabriqu\u00e9 dans une salle blanche avec les normes de qualit\u00e9 les plus strictes. Il est conforme \u00e0 toutes les certifications requises dans les processus les plus critiques des diff\u00e9rents secteurs. Mati\u00e8re premi\u00e8re 100% silicone pur manipul\u00e9e par des machines de haute technologie et de pr\u00e9cision avec [&hellip;]<\/p>\n","protected":false},"featured_media":0,"template":"","meta":{"content-type":"","ocean_post_layout":"","ocean_both_sidebars_style":"","ocean_both_sidebars_content_width":0,"ocean_both_sidebars_sidebars_width":0,"ocean_sidebar":"0","ocean_second_sidebar":"0","ocean_disable_margins":"enable","ocean_add_body_class":"","ocean_shortcode_before_top_bar":"","ocean_shortcode_after_top_bar":"","ocean_shortcode_before_header":"","ocean_shortcode_after_header":"","ocean_has_shortcode":"","ocean_shortcode_after_title":"","ocean_shortcode_before_footer_widgets":"","ocean_shortcode_after_footer_widgets":"","ocean_shortcode_before_footer_bottom":"","ocean_shortcode_after_footer_bottom":"","ocean_display_top_bar":"default","ocean_display_header":"default","ocean_header_style":"","ocean_center_header_left_menu":"0","ocean_custom_header_template":"0","ocean_custom_logo":0,"ocean_custom_retina_logo":0,"ocean_custom_logo_max_width":0,"ocean_custom_logo_tablet_max_width":0,"ocean_custom_logo_mobile_max_width":0,"ocean_custom_logo_max_height":0,"ocean_custom_logo_tablet_max_height":0,"ocean_custom_logo_mobile_max_height":0,"ocean_header_custom_menu":"0","ocean_menu_typo_font_family":"0","ocean_menu_typo_font_subset":"","ocean_menu_typo_font_size":0,"ocean_menu_typo_font_size_tablet":0,"ocean_menu_typo_font_size_mobile":0,"ocean_menu_typo_font_size_unit":"px","ocean_menu_typo_font_weight":"","ocean_menu_typo_font_weight_tablet":"","ocean_menu_typo_font_weight_mobile":"","ocean_menu_typo_transform":"","ocean_menu_typo_transform_tablet":"","ocean_menu_typo_transform_mobile":"","ocean_menu_typo_line_height":0,"ocean_menu_typo_line_height_tablet":0,"ocean_menu_typo_line_height_mobile":0,"ocean_menu_typo_line_height_unit":"","ocean_menu_typo_spacing":0,"ocean_menu_typo_spacing_tablet":0,"ocean_menu_typo_spacing_mobile":0,"ocean_menu_typo_spacing_unit":"","ocean_menu_link_color":"","ocean_menu_link_color_hover":"","ocean_menu_link_color_active":"","ocean_menu_link_background":"","ocean_menu_link_hover_background":"","ocean_menu_link_active_background":"","ocean_menu_social_links_bg":"","ocean_menu_social_hover_links_bg":"","ocean_menu_social_links_color":"","ocean_menu_social_hover_links_color":"","ocean_disable_title":"default","ocean_disable_heading":"default","ocean_post_title":"","ocean_post_subheading":"","ocean_post_title_style":"","ocean_post_title_background_color":"","ocean_post_title_background":0,"ocean_post_title_bg_image_position":"","ocean_post_title_bg_image_attachment":"","ocean_post_title_bg_image_repeat":"","ocean_post_title_bg_image_size":"","ocean_post_title_height":0,"ocean_post_title_bg_overlay":0.5,"ocean_post_title_bg_overlay_color":"","ocean_disable_breadcrumbs":"default","ocean_breadcrumbs_color":"","ocean_breadcrumbs_separator_color":"","ocean_breadcrumbs_links_color":"","ocean_breadcrumbs_links_hover_color":"","ocean_display_footer_widgets":"default","ocean_display_footer_bottom":"default","ocean_custom_footer_template":"0"},"product_cat":[40],"product_tag":[],"class_list":{"0":"post-1374","1":"product","2":"type-product","3":"status-publish","5":"product_cat-non-classe","7":"entry","9":"first","10":"instock","11":"shipping-taxable","12":"product-type-simple","13":"has-product-nav","14":"col","15":"span_1_of_3","16":"owp-content-center","17":"owp-thumbs-layout-horizontal","18":"owp-btn-normal","19":"owp-tabs-layout-horizontal","20":"has-no-thumbnails"},"_links":{"self":[{"href":"https:\/\/alphasteamair3s.com\/index.php\/wp-json\/wp\/v2\/product\/1374","targetHints":{"allow":["GET"]}}],"collection":[{"href":"https:\/\/alphasteamair3s.com\/index.php\/wp-json\/wp\/v2\/product"}],"about":[{"href":"https:\/\/alphasteamair3s.com\/index.php\/wp-json\/wp\/v2\/types\/product"}],"wp:attachment":[{"href":"https:\/\/alphasteamair3s.com\/index.php\/wp-json\/wp\/v2\/media?parent=1374"}],"wp:term":[{"taxonomy":"product_cat","embeddable":true,"href":"https:\/\/alphasteamair3s.com\/index.php\/wp-json\/wp\/v2\/product_cat?post=1374"},{"taxonomy":"product_tag","embeddable":true,"href":"https:\/\/alphasteamair3s.com\/index.php\/wp-json\/wp\/v2\/product_tag?post=1374"}],"curies":[{"name":"wp","href":"https:\/\/api.w.org\/{rel}","templated":true}]}}