{"id":1372,"date":"2023-02-20T18:23:18","date_gmt":"2023-02-20T18:23:18","guid":{"rendered":"https:\/\/alphasteamair3s.com\/?post_type=product&#038;p=1372"},"modified":"2023-02-20T18:23:21","modified_gmt":"2023-02-20T18:23:21","slug":"pompes-peristaltiques-imaprene-tube-tpe","status":"publish","type":"product","link":"https:\/\/alphasteamair3s.com\/index.php\/produit\/pompes-peristaltiques-imaprene-tube-tpe\/","title":{"rendered":"POMPES P\u00c9RISTALTIQUES IMAPRENE\u00ae TUBE TPE"},"content":{"rendered":"<div class=\"col-xs-12\">\n<div class=\"row mb4 marca-cont\">\n<div class=\"col-xs-12 col-sm-8 col-md-4\"><img decoding=\"async\" class=\"alignnone  wp-image-931\" src=\"https:\/\/alphasteamair.com\/wp-content\/uploads\/2022\/08\/16-1002-300x211.png\" alt=\"\" width=\"156\" height=\"110\" \/><\/div>\n<\/div>\n<\/div>\n<div class=\"col-xs-12 col-md-8\">\n<div id=\"body\">\n<p>CARACT\u00c9RISTIQUES:<\/p>\n<p>Le tuyau IMAPRENE\u00ae TPE est sp\u00e9cialement fabriqu\u00e9 pour les applications avec des pompes p\u00e9ristaltiques et garantit une longue dur\u00e9e de vie allant jusqu\u2019\u00e0 3 ans. Cette longue durabilit\u00e9 r\u00e9duit le co\u00fbt des modifications et de la maintenance des processus de pompage.<\/p>\n<p>Il a une r\u00e9sistance chimique \u00e9lev\u00e9e et est recommand\u00e9 pour les applications alimentaires et pharmaceutiques.<\/p>\n<p>&nbsp;<\/p>\n<p>CERTIFICATIONS:<\/p>\n<ul>\n<li>FDA 21 CFR 177.2600.<\/li>\n<li>USP Classe VI.<\/li>\n<li>ISO 10993.<\/li>\n<li>Certificat gratuit Phtalatos.<\/li>\n<li>EST\/ESB (disponible sur demande).<\/li>\n<\/ul>\n<p>APPLICATIONS:<\/p>\n<ul>\n<li>Industrie pharmaceutique.<\/li>\n<li>Industrie alimentaire.<\/li>\n<li>Pompes p\u00e9ristaltiques.<\/li>\n<li>Culture cellulaire.<\/li>\n<li>Transf\u00e9rer les vaccins.<\/li>\n<li>Cosm\u00e9tique.<\/li>\n<li>Jet d\u2019encre et cartouches.<\/li>\n<li>Distributeurs de savon.<\/li>\n<li>Transfert de pesticides et d\u2019engrais.<\/li>\n<li>St\u00e9rilisable avec gamma, autoclave, EtO.<\/li>\n<\/ul>\n<p>&nbsp;<\/p>\n<h6><em>Tube IMAPRENE TPE et Tube viton\u00ae IMACHEMTON pour l\u2019industrie pharmaceutique. Industrie alimentaire. Pompes p\u00e9ristaltiques. Culture cellulaire. Transferts de vaccins. Cosm\u00e9tique. Jet d\u2019encre et cartouches. Distributeurs de savon. Transfert de pesticides et d\u2019engrais. St\u00e9rilisable avec gamma, autoclave, EtO. Industrie chimique. Fluides \u00e0 haute temp\u00e9rature. Industrie en g\u00e9n\u00e9ral. Alcools, acides, solvants halog\u00e8nes. St\u00e9rilisable par la vapeur et l\u2019air sec. Fluides corrosifs.<\/em><\/h6>\n<\/div>\n<\/div>\n","protected":false},"excerpt":{"rendered":"<p>CARACT\u00c9RISTIQUES: Le tuyau IMAPRENE\u00ae TPE est sp\u00e9cialement fabriqu\u00e9 pour les applications avec des pompes p\u00e9ristaltiques et garantit une longue dur\u00e9e de vie allant jusqu\u2019\u00e0 3 ans. Cette longue durabilit\u00e9 r\u00e9duit le co\u00fbt des modifications et de la maintenance des processus de pompage. Il a une r\u00e9sistance chimique \u00e9lev\u00e9e et est recommand\u00e9 pour les applications alimentaires [&hellip;]<\/p>\n","protected":false},"featured_media":1399,"template":"","meta":{"content-type":"","ocean_post_layout":"","ocean_both_sidebars_style":"","ocean_both_sidebars_content_width":0,"ocean_both_sidebars_sidebars_width":0,"ocean_sidebar":"0","ocean_second_sidebar":"0","ocean_disable_margins":"enable","ocean_add_body_class":"","ocean_shortcode_before_top_bar":"","ocean_shortcode_after_top_bar":"","ocean_shortcode_before_header":"","ocean_shortcode_after_header":"","ocean_has_shortcode":"","ocean_shortcode_after_title":"","ocean_shortcode_before_footer_widgets":"","ocean_shortcode_after_footer_widgets":"","ocean_shortcode_before_footer_bottom":"","ocean_shortcode_after_footer_bottom":"","ocean_display_top_bar":"default","ocean_display_header":"default","ocean_header_style":"","ocean_center_header_left_menu":"0","ocean_custom_header_template":"0","ocean_custom_logo":0,"ocean_custom_retina_logo":0,"ocean_custom_logo_max_width":0,"ocean_custom_logo_tablet_max_width":0,"ocean_custom_logo_mobile_max_width":0,"ocean_custom_logo_max_height":0,"ocean_custom_logo_tablet_max_height":0,"ocean_custom_logo_mobile_max_height":0,"ocean_header_custom_menu":"0","ocean_menu_typo_font_family":"0","ocean_menu_typo_font_subset":"","ocean_menu_typo_font_size":0,"ocean_menu_typo_font_size_tablet":0,"ocean_menu_typo_font_size_mobile":0,"ocean_menu_typo_font_size_unit":"px","ocean_menu_typo_font_weight":"","ocean_menu_typo_font_weight_tablet":"","ocean_menu_typo_font_weight_mobile":"","ocean_menu_typo_transform":"","ocean_menu_typo_transform_tablet":"","ocean_menu_typo_transform_mobile":"","ocean_menu_typo_line_height":0,"ocean_menu_typo_line_height_tablet":0,"ocean_menu_typo_line_height_mobile":0,"ocean_menu_typo_line_height_unit":"","ocean_menu_typo_spacing":0,"ocean_menu_typo_spacing_tablet":0,"ocean_menu_typo_spacing_mobile":0,"ocean_menu_typo_spacing_unit":"","ocean_menu_link_color":"","ocean_menu_link_color_hover":"","ocean_menu_link_color_active":"","ocean_menu_link_background":"","ocean_menu_link_hover_background":"","ocean_menu_link_active_background":"","ocean_menu_social_links_bg":"","ocean_menu_social_hover_links_bg":"","ocean_menu_social_links_color":"","ocean_menu_social_hover_links_color":"","ocean_disable_title":"default","ocean_disable_heading":"default","ocean_post_title":"","ocean_post_subheading":"","ocean_post_title_style":"","ocean_post_title_background_color":"","ocean_post_title_background":0,"ocean_post_title_bg_image_position":"","ocean_post_title_bg_image_attachment":"","ocean_post_title_bg_image_repeat":"","ocean_post_title_bg_image_size":"","ocean_post_title_height":0,"ocean_post_title_bg_overlay":0.5,"ocean_post_title_bg_overlay_color":"","ocean_disable_breadcrumbs":"default","ocean_breadcrumbs_color":"","ocean_breadcrumbs_separator_color":"","ocean_breadcrumbs_links_color":"","ocean_breadcrumbs_links_hover_color":"","ocean_display_footer_widgets":"default","ocean_display_footer_bottom":"default","ocean_custom_footer_template":"0"},"product_cat":[40],"product_tag":[],"class_list":{"0":"post-1372","1":"product","2":"type-product","3":"status-publish","4":"has-post-thumbnail","6":"product_cat-non-classe","8":"entry","9":"has-media","11":"first","12":"instock","13":"shipping-taxable","14":"product-type-simple","15":"has-product-nav","16":"col","17":"span_1_of_3","18":"owp-content-center","19":"owp-thumbs-layout-horizontal","20":"owp-btn-normal","21":"owp-tabs-layout-horizontal","22":"has-no-thumbnails"},"_links":{"self":[{"href":"https:\/\/alphasteamair3s.com\/index.php\/wp-json\/wp\/v2\/product\/1372","targetHints":{"allow":["GET"]}}],"collection":[{"href":"https:\/\/alphasteamair3s.com\/index.php\/wp-json\/wp\/v2\/product"}],"about":[{"href":"https:\/\/alphasteamair3s.com\/index.php\/wp-json\/wp\/v2\/types\/product"}],"wp:featuredmedia":[{"embeddable":true,"href":"https:\/\/alphasteamair3s.com\/index.php\/wp-json\/wp\/v2\/media\/1399"}],"wp:attachment":[{"href":"https:\/\/alphasteamair3s.com\/index.php\/wp-json\/wp\/v2\/media?parent=1372"}],"wp:term":[{"taxonomy":"product_cat","embeddable":true,"href":"https:\/\/alphasteamair3s.com\/index.php\/wp-json\/wp\/v2\/product_cat?post=1372"},{"taxonomy":"product_tag","embeddable":true,"href":"https:\/\/alphasteamair3s.com\/index.php\/wp-json\/wp\/v2\/product_tag?post=1372"}],"curies":[{"name":"wp","href":"https:\/\/api.w.org\/{rel}","templated":true}]}}