{"id":1339,"date":"2023-02-20T18:23:10","date_gmt":"2023-02-20T18:23:10","guid":{"rendered":"https:\/\/alphasteamair3s.com\/?post_type=product&#038;p=1339"},"modified":"2023-02-20T18:23:17","modified_gmt":"2023-02-20T18:23:17","slug":"tube-de-teflon-calibre-ptfe-naturel","status":"publish","type":"product","link":"https:\/\/alphasteamair3s.com\/index.php\/produit\/tube-de-teflon-calibre-ptfe-naturel\/","title":{"rendered":"TUBE DE T\u00c9FLON CALIBR\u00c9 PTFE NATUREL"},"content":{"rendered":"<p><img decoding=\"async\" class=\"alignnone wp-image-918\" src=\"https:\/\/alphasteamair.com\/wp-content\/uploads\/2022\/08\/4-100.jpg\" alt=\"\" width=\"127\" height=\"120\" \/><\/p>\n<p><em>Tube flexible en t\u00e9flon PTFE pour fluides chimiques agressifs, gaz, \u00e9quipements m\u00e9dicaux, dispositifs g\u00e9n\u00e9rateurs d\u2019azote et d\u2019ozone, dosage du chlore, semi-conducteurs et applications alimentaires de la FDA<\/em><\/p>\n<p>CARACT\u00c9RISTIQUES:<\/p>\n<ul>\n<li>Haute r\u00e9sistance m\u00e9canique.<\/li>\n<li>Utilisation dans les aliments.<\/li>\n<li>Excellentes propri\u00e9t\u00e9s thermiques : -180\u00baC \u00e0 +260\u00baC.<\/li>\n<li>Bonne r\u00e9sistance \u00e0 la pression.<\/li>\n<li>Grande r\u00e9sistance aux agents agressifs et corrosifs.<\/li>\n<li>Densit\u00e9: 2,2 g\/cm3.<\/li>\n<li>Duret\u00e9: 60\u00ba shore D.<\/li>\n<\/ul>\n<p>APPLICATIONS:<\/p>\n<ul>\n<li>Industrie chimique, alimentation, \u00e9changeurs de chaleur, \u00e9quipements m\u00e9dicaux, protections m\u00e9caniques, isolation thermique et \u00e9lectrique.<\/li>\n<\/ul>\n<p>COULEUR:<\/p>\n<ul>\n<li>Naturel.<\/li>\n<\/ul>\n<p>NORMES:<\/p>\n<ul>\n<li>DIN 53455.<\/li>\n<li>Approbation de la FDA, utilisation des aliments.<\/li>\n<\/ul>\n<p>&nbsp;<\/p>\n<h6><em>&#8211; Tube flexible en t\u00e9flon PTFE pour fluides chimiques agressifs, gaz, \u00e9quipements m\u00e9dicaux, dispositifs g\u00e9n\u00e9rateurs d\u2019azote et d\u2019ozone, dosage du chlore, semi-conducteurs et applications alimentaires de la FDA &#8211;<\/em><\/h6>\n<p>&nbsp;<\/p>\n<p><a class=\"a-button wi100 buttoncat textupper textcenter\" href=\"https:\/\/alphasteamair.com\/PDF\/57.pdf\" target=\"_blank\" rel=\"noopener\">T\u00c9L\u00c9CHARGER LA FICHE POUR VOIR LA GAMME COMPL\u00c8TE<\/a><\/p>\n","protected":false},"excerpt":{"rendered":"<p>Tube flexible en t\u00e9flon PTFE pour fluides chimiques agressifs, gaz, \u00e9quipements m\u00e9dicaux, dispositifs g\u00e9n\u00e9rateurs d\u2019azote et d\u2019ozone, dosage du chlore, semi-conducteurs et applications alimentaires de la FDA CARACT\u00c9RISTIQUES: Haute r\u00e9sistance m\u00e9canique. Utilisation dans les aliments. Excellentes propri\u00e9t\u00e9s thermiques : -180\u00baC \u00e0 +260\u00baC. Bonne r\u00e9sistance \u00e0 la pression. Grande r\u00e9sistance aux agents agressifs et corrosifs. Densit\u00e9: [&hellip;]<\/p>\n","protected":false},"featured_media":1363,"template":"","meta":{"content-type":"","ocean_post_layout":"","ocean_both_sidebars_style":"","ocean_both_sidebars_content_width":0,"ocean_both_sidebars_sidebars_width":0,"ocean_sidebar":"0","ocean_second_sidebar":"0","ocean_disable_margins":"enable","ocean_add_body_class":"","ocean_shortcode_before_top_bar":"","ocean_shortcode_after_top_bar":"","ocean_shortcode_before_header":"","ocean_shortcode_after_header":"","ocean_has_shortcode":"","ocean_shortcode_after_title":"","ocean_shortcode_before_footer_widgets":"","ocean_shortcode_after_footer_widgets":"","ocean_shortcode_before_footer_bottom":"","ocean_shortcode_after_footer_bottom":"","ocean_display_top_bar":"default","ocean_display_header":"default","ocean_header_style":"","ocean_center_header_left_menu":"0","ocean_custom_header_template":"0","ocean_custom_logo":0,"ocean_custom_retina_logo":0,"ocean_custom_logo_max_width":0,"ocean_custom_logo_tablet_max_width":0,"ocean_custom_logo_mobile_max_width":0,"ocean_custom_logo_max_height":0,"ocean_custom_logo_tablet_max_height":0,"ocean_custom_logo_mobile_max_height":0,"ocean_header_custom_menu":"0","ocean_menu_typo_font_family":"0","ocean_menu_typo_font_subset":"","ocean_menu_typo_font_size":0,"ocean_menu_typo_font_size_tablet":0,"ocean_menu_typo_font_size_mobile":0,"ocean_menu_typo_font_size_unit":"px","ocean_menu_typo_font_weight":"","ocean_menu_typo_font_weight_tablet":"","ocean_menu_typo_font_weight_mobile":"","ocean_menu_typo_transform":"","ocean_menu_typo_transform_tablet":"","ocean_menu_typo_transform_mobile":"","ocean_menu_typo_line_height":0,"ocean_menu_typo_line_height_tablet":0,"ocean_menu_typo_line_height_mobile":0,"ocean_menu_typo_line_height_unit":"","ocean_menu_typo_spacing":0,"ocean_menu_typo_spacing_tablet":0,"ocean_menu_typo_spacing_mobile":0,"ocean_menu_typo_spacing_unit":"","ocean_menu_link_color":"","ocean_menu_link_color_hover":"","ocean_menu_link_color_active":"","ocean_menu_link_background":"","ocean_menu_link_hover_background":"","ocean_menu_link_active_background":"","ocean_menu_social_links_bg":"","ocean_menu_social_hover_links_bg":"","ocean_menu_social_links_color":"","ocean_menu_social_hover_links_color":"","ocean_disable_title":"default","ocean_disable_heading":"default","ocean_post_title":"","ocean_post_subheading":"","ocean_post_title_style":"","ocean_post_title_background_color":"","ocean_post_title_background":0,"ocean_post_title_bg_image_position":"","ocean_post_title_bg_image_attachment":"","ocean_post_title_bg_image_repeat":"","ocean_post_title_bg_image_size":"","ocean_post_title_height":0,"ocean_post_title_bg_overlay":0.5,"ocean_post_title_bg_overlay_color":"","ocean_disable_breadcrumbs":"default","ocean_breadcrumbs_color":"","ocean_breadcrumbs_separator_color":"","ocean_breadcrumbs_links_color":"","ocean_breadcrumbs_links_hover_color":"","ocean_display_footer_widgets":"default","ocean_display_footer_bottom":"default","ocean_custom_footer_template":"0"},"product_cat":[40],"product_tag":[],"class_list":{"0":"post-1339","1":"product","2":"type-product","3":"status-publish","4":"has-post-thumbnail","6":"product_cat-non-classe","8":"entry","9":"has-media","11":"first","12":"instock","13":"shipping-taxable","14":"product-type-simple","15":"has-product-nav","16":"col","17":"span_1_of_3","18":"owp-content-center","19":"owp-thumbs-layout-horizontal","20":"owp-btn-normal","21":"owp-tabs-layout-horizontal","22":"has-no-thumbnails"},"_links":{"self":[{"href":"https:\/\/alphasteamair3s.com\/index.php\/wp-json\/wp\/v2\/product\/1339","targetHints":{"allow":["GET"]}}],"collection":[{"href":"https:\/\/alphasteamair3s.com\/index.php\/wp-json\/wp\/v2\/product"}],"about":[{"href":"https:\/\/alphasteamair3s.com\/index.php\/wp-json\/wp\/v2\/types\/product"}],"wp:featuredmedia":[{"embeddable":true,"href":"https:\/\/alphasteamair3s.com\/index.php\/wp-json\/wp\/v2\/media\/1363"}],"wp:attachment":[{"href":"https:\/\/alphasteamair3s.com\/index.php\/wp-json\/wp\/v2\/media?parent=1339"}],"wp:term":[{"taxonomy":"product_cat","embeddable":true,"href":"https:\/\/alphasteamair3s.com\/index.php\/wp-json\/wp\/v2\/product_cat?post=1339"},{"taxonomy":"product_tag","embeddable":true,"href":"https:\/\/alphasteamair3s.com\/index.php\/wp-json\/wp\/v2\/product_tag?post=1339"}],"curies":[{"name":"wp","href":"https:\/\/api.w.org\/{rel}","templated":true}]}}