{"id":1337,"date":"2023-02-20T18:23:10","date_gmt":"2023-02-20T18:23:10","guid":{"rendered":"https:\/\/alphasteamair3s.com\/?post_type=product&#038;p=1337"},"modified":"2023-02-20T18:23:16","modified_gmt":"2023-02-20T18:23:16","slug":"tube-fluoropolymere-fep","status":"publish","type":"product","link":"https:\/\/alphasteamair3s.com\/index.php\/produit\/tube-fluoropolymere-fep\/","title":{"rendered":"TUBE FLUOROPOLYM\u00c8RE FEP"},"content":{"rendered":"<p>CARACT\u00c9RISTIQUES:<\/p>\n<ul>\n<li>Tube FEP d\u2019excellente compatibilit\u00e9 chimique.<\/li>\n<li>Extr\u00eamement stable aux rayons UV. . Bonnes valeurs di\u00e9lectriques.<\/li>\n<li>Ininflammable (ignifuge) selon UL 94 VO. Haute transparence optique.<\/li>\n<li>Haute r\u00e9sistance aux basses temp\u00e9ratures (-200\u00baC).<\/li>\n<\/ul>\n<p>Temp\u00e9rature:<\/p>\n<ul>\n<li>-200\u00baC \u00e0 +205\u00baC<\/li>\n<\/ul>\n<p>COULEUR:<\/p>\n<ul>\n<li>Translucide.<\/li>\n<\/ul>\n<p>APPLICATIONS:<\/p>\n<ul>\n<li>Industrie chimique.<\/li>\n<li>Industrie m\u00e9dicale et pharmaceutique.<\/li>\n<li>Chambres propres.<\/li>\n<li>Secteur agroalimentaire.<\/li>\n<li>\u00c9lectronique, \u00e9lectricit\u00e9 et semi-conducteurs. . Gaz.<\/li>\n<li>Applications avec une forte demande de dur\u00e9e de vie. . Indicateurs de niveau.<\/li>\n<li>Applications ext\u00e9rieures.<\/li>\n<li>Secteur alimentaire.<\/li>\n<\/ul>\n<p>&nbsp;<\/p>\n<h6><em>&#8211; Tube fluoropolym\u00e8re FEP et PFA. Industrie chimique. Industrie m\u00e9dicale et pharmaceutique. Chambres propres. Secteur agroalimentaire. \u00c9lectronique, \u00e9lectricit\u00e9 et semi-conducteurs. Gaz. Applications avec une forte demande de dur\u00e9e de vie. Indicateurs de niveau. Applications ext\u00e9rieures. Secteur alimentaire. Extr\u00eamement stable aux rayons UV. Bonnes valeurs di\u00e9lectriques. Ininflammable (ignifuge) selon UL 94 VO. Haute transparence optique. Haute r\u00e9sistance aux basses temp\u00e9ratures. Excellente surface lisse &#8211;<\/em><\/h6>\n<p>&nbsp;<\/p>\n<p>&nbsp;<\/p>\n<p><a class=\"a-button wi100 buttoncat textupper textcenter\" href=\"https:\/\/alphasteamair.com\/PDF\/55.pdf\" target=\"_blank\" rel=\"noopener\">T\u00c9L\u00c9CHARGER LA FICHE POUR VOIR LA GAMME COMPL\u00c8TE<\/a><\/p>\n","protected":false},"excerpt":{"rendered":"<p>CARACT\u00c9RISTIQUES: Tube FEP d\u2019excellente compatibilit\u00e9 chimique. Extr\u00eamement stable aux rayons UV. . Bonnes valeurs di\u00e9lectriques. Ininflammable (ignifuge) selon UL 94 VO. Haute transparence optique. Haute r\u00e9sistance aux basses temp\u00e9ratures (-200\u00baC). Temp\u00e9rature: -200\u00baC \u00e0 +205\u00baC COULEUR: Translucide. APPLICATIONS: Industrie chimique. Industrie m\u00e9dicale et pharmaceutique. Chambres propres. Secteur agroalimentaire. \u00c9lectronique, \u00e9lectricit\u00e9 et semi-conducteurs. . Gaz. Applications avec [&hellip;]<\/p>\n","protected":false},"featured_media":0,"template":"","meta":{"content-type":"","ocean_post_layout":"","ocean_both_sidebars_style":"","ocean_both_sidebars_content_width":0,"ocean_both_sidebars_sidebars_width":0,"ocean_sidebar":"0","ocean_second_sidebar":"0","ocean_disable_margins":"enable","ocean_add_body_class":"","ocean_shortcode_before_top_bar":"","ocean_shortcode_after_top_bar":"","ocean_shortcode_before_header":"","ocean_shortcode_after_header":"","ocean_has_shortcode":"","ocean_shortcode_after_title":"","ocean_shortcode_before_footer_widgets":"","ocean_shortcode_after_footer_widgets":"","ocean_shortcode_before_footer_bottom":"","ocean_shortcode_after_footer_bottom":"","ocean_display_top_bar":"default","ocean_display_header":"default","ocean_header_style":"","ocean_center_header_left_menu":"0","ocean_custom_header_template":"0","ocean_custom_logo":0,"ocean_custom_retina_logo":0,"ocean_custom_logo_max_width":0,"ocean_custom_logo_tablet_max_width":0,"ocean_custom_logo_mobile_max_width":0,"ocean_custom_logo_max_height":0,"ocean_custom_logo_tablet_max_height":0,"ocean_custom_logo_mobile_max_height":0,"ocean_header_custom_menu":"0","ocean_menu_typo_font_family":"0","ocean_menu_typo_font_subset":"","ocean_menu_typo_font_size":0,"ocean_menu_typo_font_size_tablet":0,"ocean_menu_typo_font_size_mobile":0,"ocean_menu_typo_font_size_unit":"px","ocean_menu_typo_font_weight":"","ocean_menu_typo_font_weight_tablet":"","ocean_menu_typo_font_weight_mobile":"","ocean_menu_typo_transform":"","ocean_menu_typo_transform_tablet":"","ocean_menu_typo_transform_mobile":"","ocean_menu_typo_line_height":0,"ocean_menu_typo_line_height_tablet":0,"ocean_menu_typo_line_height_mobile":0,"ocean_menu_typo_line_height_unit":"","ocean_menu_typo_spacing":0,"ocean_menu_typo_spacing_tablet":0,"ocean_menu_typo_spacing_mobile":0,"ocean_menu_typo_spacing_unit":"","ocean_menu_link_color":"","ocean_menu_link_color_hover":"","ocean_menu_link_color_active":"","ocean_menu_link_background":"","ocean_menu_link_hover_background":"","ocean_menu_link_active_background":"","ocean_menu_social_links_bg":"","ocean_menu_social_hover_links_bg":"","ocean_menu_social_links_color":"","ocean_menu_social_hover_links_color":"","ocean_disable_title":"default","ocean_disable_heading":"default","ocean_post_title":"","ocean_post_subheading":"","ocean_post_title_style":"","ocean_post_title_background_color":"","ocean_post_title_background":0,"ocean_post_title_bg_image_position":"","ocean_post_title_bg_image_attachment":"","ocean_post_title_bg_image_repeat":"","ocean_post_title_bg_image_size":"","ocean_post_title_height":0,"ocean_post_title_bg_overlay":0.5,"ocean_post_title_bg_overlay_color":"","ocean_disable_breadcrumbs":"default","ocean_breadcrumbs_color":"","ocean_breadcrumbs_separator_color":"","ocean_breadcrumbs_links_color":"","ocean_breadcrumbs_links_hover_color":"","ocean_display_footer_widgets":"default","ocean_display_footer_bottom":"default","ocean_custom_footer_template":"0"},"product_cat":[40],"product_tag":[],"class_list":{"0":"post-1337","1":"product","2":"type-product","3":"status-publish","5":"product_cat-non-classe","7":"entry","9":"first","10":"instock","11":"shipping-taxable","12":"product-type-simple","13":"has-product-nav","14":"col","15":"span_1_of_3","16":"owp-content-center","17":"owp-thumbs-layout-horizontal","18":"owp-btn-normal","19":"owp-tabs-layout-horizontal","20":"has-no-thumbnails"},"_links":{"self":[{"href":"https:\/\/alphasteamair3s.com\/index.php\/wp-json\/wp\/v2\/product\/1337","targetHints":{"allow":["GET"]}}],"collection":[{"href":"https:\/\/alphasteamair3s.com\/index.php\/wp-json\/wp\/v2\/product"}],"about":[{"href":"https:\/\/alphasteamair3s.com\/index.php\/wp-json\/wp\/v2\/types\/product"}],"wp:attachment":[{"href":"https:\/\/alphasteamair3s.com\/index.php\/wp-json\/wp\/v2\/media?parent=1337"}],"wp:term":[{"taxonomy":"product_cat","embeddable":true,"href":"https:\/\/alphasteamair3s.com\/index.php\/wp-json\/wp\/v2\/product_cat?post=1337"},{"taxonomy":"product_tag","embeddable":true,"href":"https:\/\/alphasteamair3s.com\/index.php\/wp-json\/wp\/v2\/product_tag?post=1337"}],"curies":[{"name":"wp","href":"https:\/\/api.w.org\/{rel}","templated":true}]}}