{"id":1326,"date":"2023-02-20T18:23:09","date_gmt":"2023-02-20T18:23:09","guid":{"rendered":"https:\/\/alphasteamair3s.com\/?post_type=product&#038;p=1326"},"modified":"2023-02-20T18:23:14","modified_gmt":"2023-02-20T18:23:14","slug":"tube-en-spirale-mazzer-spir-sans-raccords-en-30-metres-longueur-utile-15-m","status":"publish","type":"product","link":"https:\/\/alphasteamair3s.com\/index.php\/produit\/tube-en-spirale-mazzer-spir-sans-raccords-en-30-metres-longueur-utile-15-m\/","title":{"rendered":"TUBE EN SPIRALE MAZZER SPIR SANS RACCORDS, EN 30 M\u00c8TRES (LONGUEUR UTILE: 15 M)"},"content":{"rendered":"<p><img decoding=\"async\" class=\"alignnone wp-image-937\" src=\"https:\/\/alphasteamair.com\/wp-content\/uploads\/2022\/08\/13-1002-300x183.png\" alt=\"\" width=\"185\" height=\"113\" \/><\/p>\n<p>CARACT\u00c9RISTIQUES ET APPLICATIONS :<\/p>\n<ul>\n<li>Voir MAZZER NOUVEAU, le tube est PA 12 MAZZER.<\/li>\n<li>Rendement \u00e9lastique \u00e9lev\u00e9.<\/li>\n<li>Bleu.<\/li>\n<li>Option d\u2019autres couleurs (Noir\/ Rouge\/<\/li>\n<li>Orange) et dimensions sur demande.<\/li>\n<li>Aussi dimensions en pouces.<\/li>\n<li>R\u00e9sistance au vide jusqu\u2019\u00e0 760mmHg.<\/li>\n<\/ul>\n<p>NORMES:<\/p>\n<ul>\n<li>DIN 74324.<\/li>\n<li>Il est possible, sur demande, de fournir<\/li>\n<li>MAZZER SPIR en diff\u00e9rentes qualit\u00e9s: PA 6, PA 6.6, PA 6 plastifi\u00e9, polyester.<\/li>\n<\/ul>\n<p>TOL\u00c9RANCE:<\/p>\n<ul>\n<li>\u00d8 ext. \u00b1 0,05.<\/li>\n<li>\u00c9paisseur \u00b1 0,05.<\/li>\n<li>Double contr\u00f4le de dimension laser.<\/li>\n<\/ul>\n<p>&nbsp;<\/p>\n<p><a class=\"a-button wi100 buttoncat textupper textcenter\" href=\"https:\/\/alphasteamair.com\/PDF\/45.pdf\" target=\"_blank\" rel=\"noopener\">T\u00c9L\u00c9CHARGER LA FICHE POUR VOIR LA GAMME COMPL\u00c8TE<\/a><\/p>\n<p>&nbsp;<\/p>\n","protected":false},"excerpt":{"rendered":"<p>CARACT\u00c9RISTIQUES ET APPLICATIONS : Voir MAZZER NOUVEAU, le tube est PA 12 MAZZER. Rendement \u00e9lastique \u00e9lev\u00e9. Bleu. Option d\u2019autres couleurs (Noir\/ Rouge\/ Orange) et dimensions sur demande. Aussi dimensions en pouces. R\u00e9sistance au vide jusqu\u2019\u00e0 760mmHg. NORMES: DIN 74324. Il est possible, sur demande, de fournir MAZZER SPIR en diff\u00e9rentes qualit\u00e9s: PA 6, PA 6.6, [&hellip;]<\/p>\n","protected":false},"featured_media":1354,"template":"","meta":{"content-type":"","ocean_post_layout":"","ocean_both_sidebars_style":"","ocean_both_sidebars_content_width":0,"ocean_both_sidebars_sidebars_width":0,"ocean_sidebar":"0","ocean_second_sidebar":"0","ocean_disable_margins":"enable","ocean_add_body_class":"","ocean_shortcode_before_top_bar":"","ocean_shortcode_after_top_bar":"","ocean_shortcode_before_header":"","ocean_shortcode_after_header":"","ocean_has_shortcode":"","ocean_shortcode_after_title":"","ocean_shortcode_before_footer_widgets":"","ocean_shortcode_after_footer_widgets":"","ocean_shortcode_before_footer_bottom":"","ocean_shortcode_after_footer_bottom":"","ocean_display_top_bar":"default","ocean_display_header":"default","ocean_header_style":"","ocean_center_header_left_menu":"0","ocean_custom_header_template":"0","ocean_custom_logo":0,"ocean_custom_retina_logo":0,"ocean_custom_logo_max_width":0,"ocean_custom_logo_tablet_max_width":0,"ocean_custom_logo_mobile_max_width":0,"ocean_custom_logo_max_height":0,"ocean_custom_logo_tablet_max_height":0,"ocean_custom_logo_mobile_max_height":0,"ocean_header_custom_menu":"0","ocean_menu_typo_font_family":"0","ocean_menu_typo_font_subset":"","ocean_menu_typo_font_size":0,"ocean_menu_typo_font_size_tablet":0,"ocean_menu_typo_font_size_mobile":0,"ocean_menu_typo_font_size_unit":"px","ocean_menu_typo_font_weight":"","ocean_menu_typo_font_weight_tablet":"","ocean_menu_typo_font_weight_mobile":"","ocean_menu_typo_transform":"","ocean_menu_typo_transform_tablet":"","ocean_menu_typo_transform_mobile":"","ocean_menu_typo_line_height":0,"ocean_menu_typo_line_height_tablet":0,"ocean_menu_typo_line_height_mobile":0,"ocean_menu_typo_line_height_unit":"","ocean_menu_typo_spacing":0,"ocean_menu_typo_spacing_tablet":0,"ocean_menu_typo_spacing_mobile":0,"ocean_menu_typo_spacing_unit":"","ocean_menu_link_color":"","ocean_menu_link_color_hover":"","ocean_menu_link_color_active":"","ocean_menu_link_background":"","ocean_menu_link_hover_background":"","ocean_menu_link_active_background":"","ocean_menu_social_links_bg":"","ocean_menu_social_hover_links_bg":"","ocean_menu_social_links_color":"","ocean_menu_social_hover_links_color":"","ocean_disable_title":"default","ocean_disable_heading":"default","ocean_post_title":"","ocean_post_subheading":"","ocean_post_title_style":"","ocean_post_title_background_color":"","ocean_post_title_background":0,"ocean_post_title_bg_image_position":"","ocean_post_title_bg_image_attachment":"","ocean_post_title_bg_image_repeat":"","ocean_post_title_bg_image_size":"","ocean_post_title_height":0,"ocean_post_title_bg_overlay":0.5,"ocean_post_title_bg_overlay_color":"","ocean_disable_breadcrumbs":"default","ocean_breadcrumbs_color":"","ocean_breadcrumbs_separator_color":"","ocean_breadcrumbs_links_color":"","ocean_breadcrumbs_links_hover_color":"","ocean_display_footer_widgets":"default","ocean_display_footer_bottom":"default","ocean_custom_footer_template":"0"},"product_cat":[40],"product_tag":[],"class_list":{"0":"post-1326","1":"product","2":"type-product","3":"status-publish","4":"has-post-thumbnail","6":"product_cat-non-classe","8":"entry","9":"has-media","11":"first","12":"instock","13":"shipping-taxable","14":"product-type-simple","15":"has-product-nav","16":"col","17":"span_1_of_3","18":"owp-content-center","19":"owp-thumbs-layout-horizontal","20":"owp-btn-normal","21":"owp-tabs-layout-horizontal","22":"has-no-thumbnails"},"_links":{"self":[{"href":"https:\/\/alphasteamair3s.com\/index.php\/wp-json\/wp\/v2\/product\/1326","targetHints":{"allow":["GET"]}}],"collection":[{"href":"https:\/\/alphasteamair3s.com\/index.php\/wp-json\/wp\/v2\/product"}],"about":[{"href":"https:\/\/alphasteamair3s.com\/index.php\/wp-json\/wp\/v2\/types\/product"}],"wp:featuredmedia":[{"embeddable":true,"href":"https:\/\/alphasteamair3s.com\/index.php\/wp-json\/wp\/v2\/media\/1354"}],"wp:attachment":[{"href":"https:\/\/alphasteamair3s.com\/index.php\/wp-json\/wp\/v2\/media?parent=1326"}],"wp:term":[{"taxonomy":"product_cat","embeddable":true,"href":"https:\/\/alphasteamair3s.com\/index.php\/wp-json\/wp\/v2\/product_cat?post=1326"},{"taxonomy":"product_tag","embeddable":true,"href":"https:\/\/alphasteamair3s.com\/index.php\/wp-json\/wp\/v2\/product_tag?post=1326"}],"curies":[{"name":"wp","href":"https:\/\/api.w.org\/{rel}","templated":true}]}}