{"id":1323,"date":"2023-02-20T18:23:09","date_gmt":"2023-02-20T18:23:09","guid":{"rendered":"https:\/\/alphasteamair3s.com\/?post_type=product&#038;p=1323"},"modified":"2023-02-20T18:23:13","modified_gmt":"2023-02-20T18:23:13","slug":"superflexible-pa12-polyamide-tube","status":"publish","type":"product","link":"https:\/\/alphasteamair3s.com\/index.php\/produit\/superflexible-pa12-polyamide-tube\/","title":{"rendered":"SUPERFLEXIBLE PA12 POLYAMIDE TUBE"},"content":{"rendered":"<p><img decoding=\"async\" class=\"alignnone wp-image-937\" src=\"https:\/\/alphasteamair.com\/wp-content\/uploads\/2022\/08\/13-1002-300x183.png\" alt=\"\" width=\"210\" height=\"128\" \/><\/p>\n<p>CARACT\u00c9RISTIQUES:<\/p>\n<ul>\n<li>Tube Pa12 de grande flexibilit\u00e9.<\/li>\n<li>Haute r\u00e9sistance m\u00e9canique.<\/li>\n<li>Haute r\u00e9sistance aux agents chimiques (consultez-nous)<\/li>\n<li>Faible absorption d\u2019eau.<\/li>\n<li>Faible perm\u00e9abilit\u00e9 aux gaz.<\/li>\n<li>Couleur noire adapt\u00e9e \u00e0 une utilisation en ext\u00e9rieur.<\/li>\n<\/ul>\n<p>Temp\u00e9rature:<\/p>\n<ul>\n<li>-40\u00baC \u00e0 +80\u00baC<\/li>\n<\/ul>\n<p>COULEURS:<\/p>\n<ul>\n<li>Naturel (Standard).<\/li>\n<li>Facultatif sur demande minimale<\/li>\n<li>(Bleu \/ Noir \/ Rouge).<\/li>\n<\/ul>\n<p>APPLICATIONS:<\/p>\n<ul>\n<li>Pneumatique.<\/li>\n<li>Gaz, lubrifiants et huiles.<\/li>\n<li>Machine-outil.<\/li>\n<\/ul>\n<p>&nbsp;<\/p>\n<p><a class=\"a-button wi100 buttoncat textupper textcenter\" href=\"https:\/\/alphasteamair.com\/PDF\/42.pdf\" target=\"_blank\" rel=\"noopener\">T\u00c9L\u00c9CHARGER LA FICHE POUR VOIR LA GAMME COMPL\u00c8TE<\/a><\/p>\n<p>&nbsp;<\/p>\n","protected":false},"excerpt":{"rendered":"<p>CARACT\u00c9RISTIQUES: Tube Pa12 de grande flexibilit\u00e9. Haute r\u00e9sistance m\u00e9canique. Haute r\u00e9sistance aux agents chimiques (consultez-nous) Faible absorption d\u2019eau. Faible perm\u00e9abilit\u00e9 aux gaz. Couleur noire adapt\u00e9e \u00e0 une utilisation en ext\u00e9rieur. Temp\u00e9rature: -40\u00baC \u00e0 +80\u00baC COULEURS: Naturel (Standard). Facultatif sur demande minimale (Bleu \/ Noir \/ Rouge). APPLICATIONS: Pneumatique. Gaz, lubrifiants et huiles. Machine-outil. &nbsp; T\u00c9L\u00c9CHARGER [&hellip;]<\/p>\n","protected":false},"featured_media":0,"template":"","meta":{"content-type":"","ocean_post_layout":"","ocean_both_sidebars_style":"","ocean_both_sidebars_content_width":0,"ocean_both_sidebars_sidebars_width":0,"ocean_sidebar":"0","ocean_second_sidebar":"0","ocean_disable_margins":"enable","ocean_add_body_class":"","ocean_shortcode_before_top_bar":"","ocean_shortcode_after_top_bar":"","ocean_shortcode_before_header":"","ocean_shortcode_after_header":"","ocean_has_shortcode":"","ocean_shortcode_after_title":"","ocean_shortcode_before_footer_widgets":"","ocean_shortcode_after_footer_widgets":"","ocean_shortcode_before_footer_bottom":"","ocean_shortcode_after_footer_bottom":"","ocean_display_top_bar":"default","ocean_display_header":"default","ocean_header_style":"","ocean_center_header_left_menu":"0","ocean_custom_header_template":"0","ocean_custom_logo":0,"ocean_custom_retina_logo":0,"ocean_custom_logo_max_width":0,"ocean_custom_logo_tablet_max_width":0,"ocean_custom_logo_mobile_max_width":0,"ocean_custom_logo_max_height":0,"ocean_custom_logo_tablet_max_height":0,"ocean_custom_logo_mobile_max_height":0,"ocean_header_custom_menu":"0","ocean_menu_typo_font_family":"0","ocean_menu_typo_font_subset":"","ocean_menu_typo_font_size":0,"ocean_menu_typo_font_size_tablet":0,"ocean_menu_typo_font_size_mobile":0,"ocean_menu_typo_font_size_unit":"px","ocean_menu_typo_font_weight":"","ocean_menu_typo_font_weight_tablet":"","ocean_menu_typo_font_weight_mobile":"","ocean_menu_typo_transform":"","ocean_menu_typo_transform_tablet":"","ocean_menu_typo_transform_mobile":"","ocean_menu_typo_line_height":0,"ocean_menu_typo_line_height_tablet":0,"ocean_menu_typo_line_height_mobile":0,"ocean_menu_typo_line_height_unit":"","ocean_menu_typo_spacing":0,"ocean_menu_typo_spacing_tablet":0,"ocean_menu_typo_spacing_mobile":0,"ocean_menu_typo_spacing_unit":"","ocean_menu_link_color":"","ocean_menu_link_color_hover":"","ocean_menu_link_color_active":"","ocean_menu_link_background":"","ocean_menu_link_hover_background":"","ocean_menu_link_active_background":"","ocean_menu_social_links_bg":"","ocean_menu_social_hover_links_bg":"","ocean_menu_social_links_color":"","ocean_menu_social_hover_links_color":"","ocean_disable_title":"default","ocean_disable_heading":"default","ocean_post_title":"","ocean_post_subheading":"","ocean_post_title_style":"","ocean_post_title_background_color":"","ocean_post_title_background":0,"ocean_post_title_bg_image_position":"","ocean_post_title_bg_image_attachment":"","ocean_post_title_bg_image_repeat":"","ocean_post_title_bg_image_size":"","ocean_post_title_height":0,"ocean_post_title_bg_overlay":0.5,"ocean_post_title_bg_overlay_color":"","ocean_disable_breadcrumbs":"default","ocean_breadcrumbs_color":"","ocean_breadcrumbs_separator_color":"","ocean_breadcrumbs_links_color":"","ocean_breadcrumbs_links_hover_color":"","ocean_display_footer_widgets":"default","ocean_display_footer_bottom":"default","ocean_custom_footer_template":"0"},"product_cat":[40],"product_tag":[],"class_list":{"0":"post-1323","1":"product","2":"type-product","3":"status-publish","5":"product_cat-non-classe","7":"entry","9":"first","10":"instock","11":"shipping-taxable","12":"product-type-simple","13":"has-product-nav","14":"col","15":"span_1_of_3","16":"owp-content-center","17":"owp-thumbs-layout-horizontal","18":"owp-btn-normal","19":"owp-tabs-layout-horizontal","20":"has-no-thumbnails"},"_links":{"self":[{"href":"https:\/\/alphasteamair3s.com\/index.php\/wp-json\/wp\/v2\/product\/1323","targetHints":{"allow":["GET"]}}],"collection":[{"href":"https:\/\/alphasteamair3s.com\/index.php\/wp-json\/wp\/v2\/product"}],"about":[{"href":"https:\/\/alphasteamair3s.com\/index.php\/wp-json\/wp\/v2\/types\/product"}],"wp:attachment":[{"href":"https:\/\/alphasteamair3s.com\/index.php\/wp-json\/wp\/v2\/media?parent=1323"}],"wp:term":[{"taxonomy":"product_cat","embeddable":true,"href":"https:\/\/alphasteamair3s.com\/index.php\/wp-json\/wp\/v2\/product_cat?post=1323"},{"taxonomy":"product_tag","embeddable":true,"href":"https:\/\/alphasteamair3s.com\/index.php\/wp-json\/wp\/v2\/product_tag?post=1323"}],"curies":[{"name":"wp","href":"https:\/\/api.w.org\/{rel}","templated":true}]}}