{"id":1282,"date":"2023-02-20T18:22:56","date_gmt":"2023-02-20T18:22:56","guid":{"rendered":"https:\/\/alphasteamair3s.com\/?post_type=product&#038;p=1282"},"modified":"2023-02-20T18:23:06","modified_gmt":"2023-02-20T18:23:06","slug":"raccords-rapides-en-acier-inoxydable-316l","status":"publish","type":"product","link":"https:\/\/alphasteamair3s.com\/index.php\/produit\/raccords-rapides-en-acier-inoxydable-316l\/","title":{"rendered":"RACCORDS RAPIDES EN ACIER INOXYDABLE 316L"},"content":{"rendered":"<p><img decoding=\"async\" class=\"alignnone wp-image-920\" src=\"https:\/\/alphasteamair.com\/wp-content\/uploads\/2022\/08\/9-100-1-300x141.jpg\" alt=\"\" width=\"174\" height=\"82\" \/><\/p>\n<p>Corps et \u00e9crou: Acier inoxydable 316L.<\/p>\n<p>Joints de filetage: Vit\u00f3n\u00ae<\/p>\n<p>Filetages: BSPT conique \/ BSPP cylindrique.<\/p>\n<p>Convient pour tube: Polyamide \/ Polyur\u00e9thane \/<\/p>\n<p>Poly\u00e9thyl\u00e8ne \/ PTFE \/ PVDF \/ FEP \/ PFA.<\/p>\n<p>CARACT\u00c9RISTIQUES:<\/p>\n<ul>\n<li>Raccords enti\u00e8rement construits en Inox 316L.<\/li>\n<li>Haut degr\u00e9 de r\u00e9sistance chimique aux produits agressifs.<\/li>\n<li>Grand d\u00e9bit sans pertes de pression.<\/li>\n<li>Disponible sur demande pour les tubes en pouces et les filetages NPT ou m\u00e9triques.<\/li>\n<li>Pression de service: 20 bar.<\/li>\n<li>Temp\u00e9rature maximale : 0\u00baC \u00e0 +160\u00baC.<\/li>\n<li>(Consid\u00e9rez la temp\u00e9rature maximale du tube utilis\u00e9e).<\/li>\n<\/ul>\n<p>APPLICATIONS:<\/p>\n<ul>\n<li>Industrie chimique.<\/li>\n<li>Secteur alimentaire.<\/li>\n<li>Industrie m\u00e9dicale et pharmaceutique.<\/li>\n<li>Laboratoires.<\/li>\n<li>Secteur agroalimentaire.<\/li>\n<li>Instrumentation.<\/li>\n<li>Applications ext\u00e9rieures.<\/li>\n<\/ul>\n<h6><\/h6>\n<h6><em>&#8211; Joint d\u2019\u00e9tanch\u00e9it\u00e9 FDA Stainless 316L viton\u00ae FPM-FKM pour fluides chimiques agressifs, gaz, applications alimentaires (eau potable, boissons, aliments), salle blanche, applications hygi\u00e9niques, laboratoires, secteur m\u00e9dical et pharmaceutique &#8211;<\/em><\/h6>\n<p>&nbsp;<\/p>\n<p><a class=\"a-button wi100 buttoncat textupper textcenter\" href=\"https:\/\/alphasteamair.com\/PDF\/30.pdf\" target=\"_blank\" rel=\"noopener\">T\u00c9L\u00c9CHARGER LA FICHE POUR VOIR LA GAMME COMPL\u00c8TE<\/a><\/p>\n<p>&nbsp;<\/p>\n","protected":false},"excerpt":{"rendered":"<p>Corps et \u00e9crou: Acier inoxydable 316L. Joints de filetage: Vit\u00f3n\u00ae Filetages: BSPT conique \/ BSPP cylindrique. Convient pour tube: Polyamide \/ Polyur\u00e9thane \/ Poly\u00e9thyl\u00e8ne \/ PTFE \/ PVDF \/ FEP \/ PFA. CARACT\u00c9RISTIQUES: Raccords enti\u00e8rement construits en Inox 316L. Haut degr\u00e9 de r\u00e9sistance chimique aux produits agressifs. Grand d\u00e9bit sans pertes de pression. Disponible sur [&hellip;]<\/p>\n","protected":false},"featured_media":1311,"template":"","meta":{"content-type":"","ocean_post_layout":"","ocean_both_sidebars_style":"","ocean_both_sidebars_content_width":0,"ocean_both_sidebars_sidebars_width":0,"ocean_sidebar":"0","ocean_second_sidebar":"0","ocean_disable_margins":"enable","ocean_add_body_class":"","ocean_shortcode_before_top_bar":"","ocean_shortcode_after_top_bar":"","ocean_shortcode_before_header":"","ocean_shortcode_after_header":"","ocean_has_shortcode":"","ocean_shortcode_after_title":"","ocean_shortcode_before_footer_widgets":"","ocean_shortcode_after_footer_widgets":"","ocean_shortcode_before_footer_bottom":"","ocean_shortcode_after_footer_bottom":"","ocean_display_top_bar":"default","ocean_display_header":"default","ocean_header_style":"","ocean_center_header_left_menu":"0","ocean_custom_header_template":"0","ocean_custom_logo":0,"ocean_custom_retina_logo":0,"ocean_custom_logo_max_width":0,"ocean_custom_logo_tablet_max_width":0,"ocean_custom_logo_mobile_max_width":0,"ocean_custom_logo_max_height":0,"ocean_custom_logo_tablet_max_height":0,"ocean_custom_logo_mobile_max_height":0,"ocean_header_custom_menu":"0","ocean_menu_typo_font_family":"0","ocean_menu_typo_font_subset":"","ocean_menu_typo_font_size":0,"ocean_menu_typo_font_size_tablet":0,"ocean_menu_typo_font_size_mobile":0,"ocean_menu_typo_font_size_unit":"px","ocean_menu_typo_font_weight":"","ocean_menu_typo_font_weight_tablet":"","ocean_menu_typo_font_weight_mobile":"","ocean_menu_typo_transform":"","ocean_menu_typo_transform_tablet":"","ocean_menu_typo_transform_mobile":"","ocean_menu_typo_line_height":0,"ocean_menu_typo_line_height_tablet":0,"ocean_menu_typo_line_height_mobile":0,"ocean_menu_typo_line_height_unit":"","ocean_menu_typo_spacing":0,"ocean_menu_typo_spacing_tablet":0,"ocean_menu_typo_spacing_mobile":0,"ocean_menu_typo_spacing_unit":"","ocean_menu_link_color":"","ocean_menu_link_color_hover":"","ocean_menu_link_color_active":"","ocean_menu_link_background":"","ocean_menu_link_hover_background":"","ocean_menu_link_active_background":"","ocean_menu_social_links_bg":"","ocean_menu_social_hover_links_bg":"","ocean_menu_social_links_color":"","ocean_menu_social_hover_links_color":"","ocean_disable_title":"default","ocean_disable_heading":"default","ocean_post_title":"","ocean_post_subheading":"","ocean_post_title_style":"","ocean_post_title_background_color":"","ocean_post_title_background":0,"ocean_post_title_bg_image_position":"","ocean_post_title_bg_image_attachment":"","ocean_post_title_bg_image_repeat":"","ocean_post_title_bg_image_size":"","ocean_post_title_height":0,"ocean_post_title_bg_overlay":0.5,"ocean_post_title_bg_overlay_color":"","ocean_disable_breadcrumbs":"default","ocean_breadcrumbs_color":"","ocean_breadcrumbs_separator_color":"","ocean_breadcrumbs_links_color":"","ocean_breadcrumbs_links_hover_color":"","ocean_display_footer_widgets":"default","ocean_display_footer_bottom":"default","ocean_custom_footer_template":"0"},"product_cat":[46],"product_tag":[],"class_list":{"0":"post-1282","1":"product","2":"type-product","3":"status-publish","4":"has-post-thumbnail","6":"product_cat-raccords-de-raccordement-de-tubes","8":"entry","9":"has-media","11":"first","12":"instock","13":"shipping-taxable","14":"product-type-simple","15":"has-product-nav","16":"col","17":"span_1_of_3","18":"owp-content-center","19":"owp-thumbs-layout-horizontal","20":"owp-btn-normal","21":"owp-tabs-layout-horizontal","22":"has-no-thumbnails"},"_links":{"self":[{"href":"https:\/\/alphasteamair3s.com\/index.php\/wp-json\/wp\/v2\/product\/1282","targetHints":{"allow":["GET"]}}],"collection":[{"href":"https:\/\/alphasteamair3s.com\/index.php\/wp-json\/wp\/v2\/product"}],"about":[{"href":"https:\/\/alphasteamair3s.com\/index.php\/wp-json\/wp\/v2\/types\/product"}],"wp:featuredmedia":[{"embeddable":true,"href":"https:\/\/alphasteamair3s.com\/index.php\/wp-json\/wp\/v2\/media\/1311"}],"wp:attachment":[{"href":"https:\/\/alphasteamair3s.com\/index.php\/wp-json\/wp\/v2\/media?parent=1282"}],"wp:term":[{"taxonomy":"product_cat","embeddable":true,"href":"https:\/\/alphasteamair3s.com\/index.php\/wp-json\/wp\/v2\/product_cat?post=1282"},{"taxonomy":"product_tag","embeddable":true,"href":"https:\/\/alphasteamair3s.com\/index.php\/wp-json\/wp\/v2\/product_tag?post=1282"}],"curies":[{"name":"wp","href":"https:\/\/api.w.org\/{rel}","templated":true}]}}