{"id":1277,"date":"2023-02-20T18:22:55","date_gmt":"2023-02-20T18:22:55","guid":{"rendered":"https:\/\/alphasteamair3s.com\/?post_type=product&#038;p=1277"},"modified":"2023-02-20T18:23:05","modified_gmt":"2023-02-20T18:23:05","slug":"raccord-propre","status":"publish","type":"product","link":"https:\/\/alphasteamair3s.com\/index.php\/produit\/raccord-propre\/","title":{"rendered":"RACCORD PROPRE"},"content":{"rendered":"<p><img decoding=\"async\" class=\"alignnone wp-image-823\" src=\"https:\/\/alphasteamair.com\/wp-content\/uploads\/2022\/08\/9-100-300x141.jpg\" alt=\"\" width=\"179\" height=\"84\" \/><\/p>\n<p>La nouvelle s\u00e9rie CLEAN FITTING a \u00e9t\u00e9 con\u00e7ue pour la conduction des fluides et des gaz assurant une puret\u00e9 maximale en conduite.<\/p>\n<p>Disponible en 2 versions: S\u00e9rie C avec corps et filetages en polypropyl\u00e8ne et s\u00e9rie cl avec corps en polypropyl\u00e8ne \/ acier inoxydable et filetages en acier inoxydable. Raccords fabriqu\u00e9s avec des mati\u00e8res premi\u00e8res selon la norme FDA et sans huiles ni silicones. Corps en polypropyl\u00e8ne translucide pour le contr\u00f4le visuel des fluides.<\/p>\n<p>Assembl\u00e9 et emball\u00e9 dans CLEAN ROOM dans des sacs individuels qui garantissent une puret\u00e9 et une propret\u00e9 maximales dans chaque pi\u00e8ce.<\/p>\n<p>CARACT\u00c9RISTIQUES:<\/p>\n<ul>\n<li>Pression de service maximale: 7 bar \u00e0 +20\u00baC. (voir tableau de pression Vs Temp\u00e9rature)<\/li>\n<li>Vide: -750mmHg.<\/li>\n<li>Plage de temp\u00e9rature: -20\u00baC \u00e0 +80\u00baC.<\/li>\n<li>Connexions : threads BSPT et BSPP<\/li>\n<\/ul>\n<p>APPLICATIONS:<\/p>\n<ul>\n<li>Eau pure.<\/li>\n<li>Air purifi\u00e9.<\/li>\n<li>Liquides m\u00e9dicinaux.<\/li>\n<li>Industrie alimentaire.<\/li>\n<li>Filtration et purification de l\u2019eau.<\/li>\n<li>Chimie en g\u00e9n\u00e9ral.<\/li>\n<\/ul>\n<p>NORMES:<\/p>\n<ul>\n<li>FDA 21 CFR 177.1520 (PP).<\/li>\n<li>FDA 21 CFR 177.2600 (EPDM).<\/li>\n<\/ul>\n<h6><\/h6>\n<h6><em>&#8211; Raccords instantan\u00e9s &#8211; RACCORD PROPRE rapide pour la conduction des fluides et des gaz assurant une puret\u00e9 maximale en conduite. Disponible en 2 versions: S\u00e9rie C avec corps et filetages en polypropyl\u00e8ne et s\u00e9rie cl avec corps en polypropyl\u00e8ne \/ acier inoxydable et filetages en acier inoxydable. Raccords fabriqu\u00e9s avec des mati\u00e8res premi\u00e8res selon la norme FDA et sans huiles ni silicones. Corps en polypropyl\u00e8ne translucide pour le contr\u00f4le visuel des fluides. Assembl\u00e9 et emball\u00e9 dans CLEAN ROOM dans des sacs individuels qui garantissent une puret\u00e9 et une propret\u00e9 maximales dans chaque pi\u00e8ce. Eau pure. Air purifi\u00e9. Liquides m\u00e9dicinaux. Industrie alimentaire. Filtration et purification de l\u2019eau. Chimie en g\u00e9n\u00e9ral &#8211;<\/em><\/h6>\n<p>&nbsp;<\/p>\n<p><a class=\"a-button wi100 buttoncat textupper textcenter\" href=\"https:\/\/alphasteamair.com\/PDF\/25.pdf\" target=\"_blank\" rel=\"noopener\">T\u00c9L\u00c9CHARGER LA FICHE POUR VOIR LA GAMME COMPL\u00c8TE<\/a><\/p>\n<p>&nbsp;<\/p>\n","protected":false},"excerpt":{"rendered":"<p>La nouvelle s\u00e9rie CLEAN FITTING a \u00e9t\u00e9 con\u00e7ue pour la conduction des fluides et des gaz assurant une puret\u00e9 maximale en conduite. Disponible en 2 versions: S\u00e9rie C avec corps et filetages en polypropyl\u00e8ne et s\u00e9rie cl avec corps en polypropyl\u00e8ne \/ acier inoxydable et filetages en acier inoxydable. Raccords fabriqu\u00e9s avec des mati\u00e8res premi\u00e8res [&hellip;]<\/p>\n","protected":false},"featured_media":1307,"template":"","meta":{"content-type":"","ocean_post_layout":"","ocean_both_sidebars_style":"","ocean_both_sidebars_content_width":0,"ocean_both_sidebars_sidebars_width":0,"ocean_sidebar":"0","ocean_second_sidebar":"0","ocean_disable_margins":"enable","ocean_add_body_class":"","ocean_shortcode_before_top_bar":"","ocean_shortcode_after_top_bar":"","ocean_shortcode_before_header":"","ocean_shortcode_after_header":"","ocean_has_shortcode":"","ocean_shortcode_after_title":"","ocean_shortcode_before_footer_widgets":"","ocean_shortcode_after_footer_widgets":"","ocean_shortcode_before_footer_bottom":"","ocean_shortcode_after_footer_bottom":"","ocean_display_top_bar":"default","ocean_display_header":"default","ocean_header_style":"","ocean_center_header_left_menu":"0","ocean_custom_header_template":"0","ocean_custom_logo":0,"ocean_custom_retina_logo":0,"ocean_custom_logo_max_width":0,"ocean_custom_logo_tablet_max_width":0,"ocean_custom_logo_mobile_max_width":0,"ocean_custom_logo_max_height":0,"ocean_custom_logo_tablet_max_height":0,"ocean_custom_logo_mobile_max_height":0,"ocean_header_custom_menu":"0","ocean_menu_typo_font_family":"0","ocean_menu_typo_font_subset":"","ocean_menu_typo_font_size":0,"ocean_menu_typo_font_size_tablet":0,"ocean_menu_typo_font_size_mobile":0,"ocean_menu_typo_font_size_unit":"px","ocean_menu_typo_font_weight":"","ocean_menu_typo_font_weight_tablet":"","ocean_menu_typo_font_weight_mobile":"","ocean_menu_typo_transform":"","ocean_menu_typo_transform_tablet":"","ocean_menu_typo_transform_mobile":"","ocean_menu_typo_line_height":0,"ocean_menu_typo_line_height_tablet":0,"ocean_menu_typo_line_height_mobile":0,"ocean_menu_typo_line_height_unit":"","ocean_menu_typo_spacing":0,"ocean_menu_typo_spacing_tablet":0,"ocean_menu_typo_spacing_mobile":0,"ocean_menu_typo_spacing_unit":"","ocean_menu_link_color":"","ocean_menu_link_color_hover":"","ocean_menu_link_color_active":"","ocean_menu_link_background":"","ocean_menu_link_hover_background":"","ocean_menu_link_active_background":"","ocean_menu_social_links_bg":"","ocean_menu_social_hover_links_bg":"","ocean_menu_social_links_color":"","ocean_menu_social_hover_links_color":"","ocean_disable_title":"default","ocean_disable_heading":"default","ocean_post_title":"","ocean_post_subheading":"","ocean_post_title_style":"","ocean_post_title_background_color":"","ocean_post_title_background":0,"ocean_post_title_bg_image_position":"","ocean_post_title_bg_image_attachment":"","ocean_post_title_bg_image_repeat":"","ocean_post_title_bg_image_size":"","ocean_post_title_height":0,"ocean_post_title_bg_overlay":0.5,"ocean_post_title_bg_overlay_color":"","ocean_disable_breadcrumbs":"default","ocean_breadcrumbs_color":"","ocean_breadcrumbs_separator_color":"","ocean_breadcrumbs_links_color":"","ocean_breadcrumbs_links_hover_color":"","ocean_display_footer_widgets":"default","ocean_display_footer_bottom":"default","ocean_custom_footer_template":"0"},"product_cat":[46],"product_tag":[],"class_list":{"0":"post-1277","1":"product","2":"type-product","3":"status-publish","4":"has-post-thumbnail","6":"product_cat-raccords-de-raccordement-de-tubes","8":"entry","9":"has-media","11":"first","12":"instock","13":"shipping-taxable","14":"product-type-simple","15":"has-product-nav","16":"col","17":"span_1_of_3","18":"owp-content-center","19":"owp-thumbs-layout-horizontal","20":"owp-btn-normal","21":"owp-tabs-layout-horizontal","22":"has-no-thumbnails"},"_links":{"self":[{"href":"https:\/\/alphasteamair3s.com\/index.php\/wp-json\/wp\/v2\/product\/1277","targetHints":{"allow":["GET"]}}],"collection":[{"href":"https:\/\/alphasteamair3s.com\/index.php\/wp-json\/wp\/v2\/product"}],"about":[{"href":"https:\/\/alphasteamair3s.com\/index.php\/wp-json\/wp\/v2\/types\/product"}],"wp:featuredmedia":[{"embeddable":true,"href":"https:\/\/alphasteamair3s.com\/index.php\/wp-json\/wp\/v2\/media\/1307"}],"wp:attachment":[{"href":"https:\/\/alphasteamair3s.com\/index.php\/wp-json\/wp\/v2\/media?parent=1277"}],"wp:term":[{"taxonomy":"product_cat","embeddable":true,"href":"https:\/\/alphasteamair3s.com\/index.php\/wp-json\/wp\/v2\/product_cat?post=1277"},{"taxonomy":"product_tag","embeddable":true,"href":"https:\/\/alphasteamair3s.com\/index.php\/wp-json\/wp\/v2\/product_tag?post=1277"}],"curies":[{"name":"wp","href":"https:\/\/api.w.org\/{rel}","templated":true}]}}