{"id":1260,"date":"2023-02-20T18:22:54","date_gmt":"2023-02-20T18:22:54","guid":{"rendered":"https:\/\/alphasteamair3s.com\/?post_type=product&#038;p=1260"},"modified":"2023-02-20T18:22:59","modified_gmt":"2023-02-20T18:22:59","slug":"regulateurs-de-debit-de-la-serie-nsl","status":"publish","type":"product","link":"https:\/\/alphasteamair3s.com\/index.php\/produit\/regulateurs-de-debit-de-la-serie-nsl\/","title":{"rendered":"R\u00c9GULATEURS DE D\u00c9BIT DE LA S\u00c9RIE NSL"},"content":{"rendered":"<p><img decoding=\"async\" class=\"alignnone wp-image-920\" src=\"https:\/\/alphasteamair.com\/wp-content\/uploads\/2022\/08\/9-100-1-300x141.jpg\" alt=\"\" width=\"170\" height=\"80\" \/><\/p>\n<p>CARACT\u00c9RISTIQUES:<\/p>\n<ul>\n<li>Haute pr\u00e9cision de r\u00e9gulation.<\/li>\n<li>Corps en laiton et ZNDC.<\/li>\n<li>Joints NBR.<\/li>\n<li>Pression de service maximale: 9 bar.<\/li>\n<li>Pression de service min.: 1 bar.<\/li>\n<li>Pression de vide -750mm Hg.<\/li>\n<li>Temp\u00e9rature de fonctionnement: -0\u00baC \u00e0 +60\u00baC.<\/li>\n<li>Fils coniques t\u00e9flonn\u00e9s et filetages cylindriques avec joint OR-NBR.<\/li>\n<li>Conforme aux r\u00e9glementations environnementales ROHS.<\/li>\n<\/ul>\n<p>&nbsp;<\/p>\n<h6><em>Les r\u00e9gulateurs de d\u00e9bit m\u00e9talliques pneumatiques SANG-A avec raccord de connexion de tube flexible, adapt\u00e9s \u00e0 toutes les applications de r\u00e9gulation du d\u00e9bit et de vitesse des cylindres pneumatiques, offrent une r\u00e9gulation fine, une \u00e9tanch\u00e9it\u00e9 parfaite et une qualit\u00e9 certifi\u00e9e SANG-A.<\/em><\/h6>\n<p>&nbsp;<\/p>\n<p><a class=\"a-button wi100 buttoncat textupper textcenter\" href=\"https:\/\/alphasteamair.com\/PDF\/8.pdf\" target=\"_blank\" rel=\"noopener\">T\u00c9L\u00c9CHARGER LA FICHE POUR VOIR LA GAMME COMPL\u00c8TE<\/a><\/p>\n<p>&nbsp;<\/p>\n","protected":false},"excerpt":{"rendered":"<p>CARACT\u00c9RISTIQUES: Haute pr\u00e9cision de r\u00e9gulation. Corps en laiton et ZNDC. Joints NBR. Pression de service maximale: 9 bar. Pression de service min.: 1 bar. Pression de vide -750mm Hg. Temp\u00e9rature de fonctionnement: -0\u00baC \u00e0 +60\u00baC. Fils coniques t\u00e9flonn\u00e9s et filetages cylindriques avec joint OR-NBR. Conforme aux r\u00e9glementations environnementales ROHS. &nbsp; Les r\u00e9gulateurs de d\u00e9bit m\u00e9talliques [&hellip;]<\/p>\n","protected":false},"featured_media":1290,"template":"","meta":{"content-type":"","ocean_post_layout":"","ocean_both_sidebars_style":"","ocean_both_sidebars_content_width":0,"ocean_both_sidebars_sidebars_width":0,"ocean_sidebar":"0","ocean_second_sidebar":"0","ocean_disable_margins":"enable","ocean_add_body_class":"","ocean_shortcode_before_top_bar":"","ocean_shortcode_after_top_bar":"","ocean_shortcode_before_header":"","ocean_shortcode_after_header":"","ocean_has_shortcode":"","ocean_shortcode_after_title":"","ocean_shortcode_before_footer_widgets":"","ocean_shortcode_after_footer_widgets":"","ocean_shortcode_before_footer_bottom":"","ocean_shortcode_after_footer_bottom":"","ocean_display_top_bar":"default","ocean_display_header":"default","ocean_header_style":"","ocean_center_header_left_menu":"0","ocean_custom_header_template":"0","ocean_custom_logo":0,"ocean_custom_retina_logo":0,"ocean_custom_logo_max_width":0,"ocean_custom_logo_tablet_max_width":0,"ocean_custom_logo_mobile_max_width":0,"ocean_custom_logo_max_height":0,"ocean_custom_logo_tablet_max_height":0,"ocean_custom_logo_mobile_max_height":0,"ocean_header_custom_menu":"0","ocean_menu_typo_font_family":"0","ocean_menu_typo_font_subset":"","ocean_menu_typo_font_size":0,"ocean_menu_typo_font_size_tablet":0,"ocean_menu_typo_font_size_mobile":0,"ocean_menu_typo_font_size_unit":"px","ocean_menu_typo_font_weight":"","ocean_menu_typo_font_weight_tablet":"","ocean_menu_typo_font_weight_mobile":"","ocean_menu_typo_transform":"","ocean_menu_typo_transform_tablet":"","ocean_menu_typo_transform_mobile":"","ocean_menu_typo_line_height":0,"ocean_menu_typo_line_height_tablet":0,"ocean_menu_typo_line_height_mobile":0,"ocean_menu_typo_line_height_unit":"","ocean_menu_typo_spacing":0,"ocean_menu_typo_spacing_tablet":0,"ocean_menu_typo_spacing_mobile":0,"ocean_menu_typo_spacing_unit":"","ocean_menu_link_color":"","ocean_menu_link_color_hover":"","ocean_menu_link_color_active":"","ocean_menu_link_background":"","ocean_menu_link_hover_background":"","ocean_menu_link_active_background":"","ocean_menu_social_links_bg":"","ocean_menu_social_hover_links_bg":"","ocean_menu_social_links_color":"","ocean_menu_social_hover_links_color":"","ocean_disable_title":"default","ocean_disable_heading":"default","ocean_post_title":"","ocean_post_subheading":"","ocean_post_title_style":"","ocean_post_title_background_color":"","ocean_post_title_background":0,"ocean_post_title_bg_image_position":"","ocean_post_title_bg_image_attachment":"","ocean_post_title_bg_image_repeat":"","ocean_post_title_bg_image_size":"","ocean_post_title_height":0,"ocean_post_title_bg_overlay":0.5,"ocean_post_title_bg_overlay_color":"","ocean_disable_breadcrumbs":"default","ocean_breadcrumbs_color":"","ocean_breadcrumbs_separator_color":"","ocean_breadcrumbs_links_color":"","ocean_breadcrumbs_links_hover_color":"","ocean_display_footer_widgets":"default","ocean_display_footer_bottom":"default","ocean_custom_footer_template":"0"},"product_cat":[46],"product_tag":[],"class_list":{"0":"post-1260","1":"product","2":"type-product","3":"status-publish","4":"has-post-thumbnail","6":"product_cat-raccords-de-raccordement-de-tubes","8":"entry","9":"has-media","11":"first","12":"instock","13":"shipping-taxable","14":"product-type-simple","15":"has-product-nav","16":"col","17":"span_1_of_3","18":"owp-content-center","19":"owp-thumbs-layout-horizontal","20":"owp-btn-normal","21":"owp-tabs-layout-horizontal","22":"has-no-thumbnails"},"_links":{"self":[{"href":"https:\/\/alphasteamair3s.com\/index.php\/wp-json\/wp\/v2\/product\/1260","targetHints":{"allow":["GET"]}}],"collection":[{"href":"https:\/\/alphasteamair3s.com\/index.php\/wp-json\/wp\/v2\/product"}],"about":[{"href":"https:\/\/alphasteamair3s.com\/index.php\/wp-json\/wp\/v2\/types\/product"}],"wp:featuredmedia":[{"embeddable":true,"href":"https:\/\/alphasteamair3s.com\/index.php\/wp-json\/wp\/v2\/media\/1290"}],"wp:attachment":[{"href":"https:\/\/alphasteamair3s.com\/index.php\/wp-json\/wp\/v2\/media?parent=1260"}],"wp:term":[{"taxonomy":"product_cat","embeddable":true,"href":"https:\/\/alphasteamair3s.com\/index.php\/wp-json\/wp\/v2\/product_cat?post=1260"},{"taxonomy":"product_tag","embeddable":true,"href":"https:\/\/alphasteamair3s.com\/index.php\/wp-json\/wp\/v2\/product_tag?post=1260"}],"curies":[{"name":"wp","href":"https:\/\/api.w.org\/{rel}","templated":true}]}}